{"id":1201,"date":"2021-12-23T10:27:30","date_gmt":"2021-12-23T09:27:30","guid":{"rendered":"https:\/\/www.mauricecarrental.com\/?page_id=1201"},"modified":"2024-07-18T09:57:34","modified_gmt":"2024-07-18T08:57:34","slug":"visiter-saint-barthelemy","status":"publish","type":"page","link":"https:\/\/www.mauricecarrental.com\/fr\/visiter-saint-barthelemy\/","title":{"rendered":"visiter Saint Barth\u00e9lemy"},"content":{"rendered":"<h1>Visiter Saint Barth\u00e9lemy : tourisme sur l&rsquo;\u00eele des petites Antilles<\/h1>\n<p><span style=\"font-weight: 400;\">Vous avez d\u00e9cid\u00e9 de vous <\/span><b>envoler pour l\u2019\u00eele de St Barth<\/b><span style=\"font-weight: 400;\"> ? Depuis la France ou l\u2019\u00eele de la R\u00e9union, plusieurs compagnies a\u00e9riennes vous proposent des itin\u00e9raires plus ou moins longs vers cette destination pris\u00e9e, comptant au minimum une escale. Des vols r\u00e9guliers sont propos\u00e9s chaque jour \u00e0 <\/span><b>destination de Saint-Barth\u00e9lemy<\/b><span style=\"font-weight: 400;\">. Tr\u00e8s souvent, les vols au d\u00e9part de Paris font une escale sur l\u2019\u00eele de Saint Martin situ\u00e9e non loin de St Barth. Depuis la R\u00e9union, comptez au moins 2 escales avant d\u2019atterrir sur l\u2019\u00eele surnomm\u00e9e la \u00ab perle des Cara\u00efbes \u00bb. <\/span><span style=\"font-weight: 400;\">L\u2019a\u00e9roport de Saint-Barth\u00e9lemy est situ\u00e9 dans sa capitale, Gustavia. Vous y retrouverez notre <\/span><span style=\"font-weight: 400;\">agence Maurice Car Rental<\/span><span style=\"font-weight: 400;\"> pour louer un v\u00e9hicule \u00e0 votre arriv\u00e9e.<\/span><span style=\"font-weight: 400;\"> Partez alors \u00e0 la d\u00e9couverte de cette \u00eele paradisiaque depuis une villa de luxe ou une location de vacances en bord de mer et profitez pleinement des multiples activit\u00e9s qu\u2019offre l\u2019une des plus belles \u00eeles des Antilles. D\u00e9couvrez le <a href=\"https:\/\/www.mauricecarrental.com\/fr\/visiter-saint-barthelemy\/prix-location-voiture-st-barth\/\">prix des locations de voitures \u00e0 St-Barth<\/a>.<\/span><\/p>\n<h2>Organisation \u00e0 Saint-Barth\u00e9l\u00e9my : des repas au choix du logement<\/h2>\n<p>Pour profiter pleinement de cette \u00eele paradisiaque, une bonne organisation est essentielle. Cela inclut non seulement le <strong>choix du logement<\/strong>, mais aussi celui des <strong>endroits o\u00f9 se restaurer<\/strong>.<\/p>\n<h3>O\u00f9 loger \u00e0 Saint-Barth ?<\/h3>\n<p>Lorsqu&rsquo;il s&rsquo;agit de <a href=\"https:\/\/www.mauricecarrental.com\/fr\/visiter-saint-barthelemy\/logement\/\">choisir un logement<\/a> \u00e0 Saint-Barth, les voyageurs ont l&#8217;embarras du choix. L&rsquo;\u00eele regorge de <strong>magnifiques h\u00f4tels, de villas de luxe et de locations de vacances<\/strong> offrant une vue imprenable sur l&rsquo;oc\u00e9an et un acc\u00e8s facile aux plages. Pour les voyageurs \u00e0 la recherche de tranquillit\u00e9, les <strong>h\u00f4tels-boutiques<\/strong> nich\u00e9s dans des jardins tropicaux peuvent offrir une escapade paisible. Pour ceux qui pr\u00e9f\u00e8rent l&rsquo;opulence, les <strong>villas de prestige<\/strong> avec piscine priv\u00e9e et services de conciergerie sont une option \u00e0 consid\u00e9rer.<\/p>\n<h3>O\u00f9 manger \u00e0 Saint-Barth\u00e9lemy ?<\/h3>\n<p>Saint-Barth regorge \u00e9galement d\u2019<a href=\"https:\/\/www.mauricecarrental.com\/fr\/visiter-saint-barthelemy\/restaurants\/\">endroits exceptionnels o\u00f9 manger.<\/a> Des <strong>restaurants de plage<\/strong> d\u00e9contract\u00e9s aux <strong>tables \u00e9toil\u00e9es<\/strong>, l&rsquo;\u00eele propose une gastronomie vari\u00e9e et raffin\u00e9e. Les fruits de mer frais, les sp\u00e9cialit\u00e9s cr\u00e9oles et les <strong>plats internationaux<\/strong> sont au menu dans de nombreux \u00e9tablissements. Pour une exp\u00e9rience culinaire inoubliable, les voyageurs peuvent opter pour des <strong>d\u00eeners les pieds dans le sable<\/strong> avec vue sur le coucher de soleil ou des <strong>d\u00eeners gastronomiques<\/strong> dans des restaurants \u00e9toil\u00e9s au guide Michelin.<\/p>\n<p>&nbsp;<\/p>\n<h2><b>Explorer l&rsquo;\u00eele avec une location de voiture \u00e0 Saint-Barth\u00e9lemy<\/b><\/h2>\n<p>&nbsp;<\/p>\n<p><span style=\"font-weight: 400;\">Sur cette \u00eele paradisiaque, les moyens de transports publics sont inexistants.<\/span> Visiter et <a href=\"https:\/\/www.mauricecarrental.com\/fr\/visiter-saint-barthelemy\/se-deplacer-st-barth\/\">se d\u00e9placer \u00e0 Saint-Barth<\/a> n\u00e9cessite de <a href=\"https:\/\/www.mauricecarrental.com\/fr\/visiter-saint-barthelemy\/quel-voiture-louer-st-barth\/\">louer un v\u00e9hicule<\/a>. La location de voitures se fait tr\u00e8s facilement aupr\u00e8s d\u2019agences de location.<b> <span style=\"font-weight: 400;\">Selon vos besoins et vos envies, vous trouverez une <\/span><span style=\"font-weight: 400;\">large gamme de v\u00e9hicules \u00e0 louer.<\/span><span style=\"font-weight: 400;\">Notre agence Maurice Car Rental vous propose ses <\/span><b>services de location de voitures <\/b><span style=\"font-weight: 400;\">\u00e0 Gustavia. R\u00e9servez en ligne en avance et retirez votre <\/span><b>voiture de location<\/b><span style=\"font-weight: 400;\"> \u00e0 votre arriv\u00e9e pour <\/span><b>visiter Saint Barth\u00e9lemy<\/b><span style=\"font-weight: 400;\">.\u00a0<\/span><\/b><\/p>\n<p>&nbsp;<\/p>\n<p><a href=\"https:\/\/www.mauricecarrental.com\/wp-content\/uploads\/2021\/12\/visiter-saint-barthelemy.jpg\"><img loading=\"lazy\" decoding=\"async\" class=\"size-full wp-image-1212 aligncenter\" src=\"https:\/\/www.mauricecarrental.com\/wp-content\/uploads\/2021\/12\/visiter-saint-barthelemy.jpg\" alt=\"visiter saint barth\" width=\"1200\" height=\"675\" srcset=\"https:\/\/www.mauricecarrental.com\/wp-content\/uploads\/2021\/12\/visiter-saint-barthelemy.jpg 1200w, https:\/\/www.mauricecarrental.com\/wp-content\/uploads\/2021\/12\/visiter-saint-barthelemy-300x169.jpg 300w, https:\/\/www.mauricecarrental.com\/wp-content\/uploads\/2021\/12\/visiter-saint-barthelemy-1024x576.jpg 1024w, https:\/\/www.mauricecarrental.com\/wp-content\/uploads\/2021\/12\/visiter-saint-barthelemy-768x432.jpg 768w\" sizes=\"auto, (max-width: 1200px) 100vw, 1200px\" \/><\/a><\/p>\n<p>&nbsp;<\/p>\n<p>&nbsp;<\/p>\n<h2><b>Activit\u00e9s et loisirs \u00e0 Saint Barth\u00e9lemy\u00a0<\/b><\/h2>\n<p><span style=\"font-weight: 400;\">L\u2019<\/span><b>\u00eele de Saint Barth\u00e9lemy<\/b><span style=\"font-weight: 400;\"> propose un large panel d\u2019<\/span><a href=\"https:\/\/www.mauricecarrental.com\/fr\/visiter-saint-barthelemy\/activite\/\"><span style=\"font-weight: 400;\">activit\u00e9s et loisirs<\/span><\/a><span style=\"font-weight: 400;\"> pour petits et grands. Toutes sortes de sports nautiques sont propos\u00e9s. Pour les sportifs, de nombreuses sorties sont possibles mais aussi des visites de lieux magnifiques sont au programme lors de votre venue sur l\u2019\u00eele.\u00a0<\/span><\/p>\n<p>&nbsp;<\/p>\n<h3><strong>Activit\u00e9s nautiques \u00e0 Saint Barth\u00e9lemy\u00a0<\/strong><\/h3>\n<p><span style=\"font-weight: 400;\">Pour les fans d\u2019activit\u00e9s nautiques, vous \u00eates au bon endroit. L\u2019<\/span><b>\u00eele de Saint-Barth<\/b><span style=\"font-weight: 400;\"> regorge d\u2019endroits o\u00f9 il est possible de s\u2019amuser sur l\u2019eau. Certains spots sont id\u00e9aux pour la plong\u00e9e sous-marine ou le snorkeling afin d\u2019explorer les r\u00e9cifs coralliens et les merveilleux fonds marins. Une <\/span><b>excursion en bateau<\/b><span style=\"font-weight: 400;\"> est envisageable \u00e0 bord d\u2019un yacht ou d\u2019un catamaran afin de naviguer sur une eau cristalline le temps de quelques heures ou d\u2019une journ\u00e9e. Aussi, le<\/span><b> stand-up paddle<\/b><span style=\"font-weight: 400;\"> et le <\/span><b>kayak <\/b><span style=\"font-weight: 400;\">sont propos\u00e9s dans les coins d\u2019eaux plus calmes vous permettant d\u2019explorer le lagon. Enfin le <\/span><b>kitesurf<\/b><span style=\"font-weight: 400;\"> ou encore le <\/span><b>ski nautique <\/b><span style=\"font-weight: 400;\">sont des sports accessibles permettant \u00e0 chacun de se divertir comme il le souhaite dans un cadre idyllique.\u00a0<\/span><\/p>\n<p>&nbsp;<\/p>\n<h3><b>Sports et d\u00e9couvertes \u00e0 Saint Barth\u00e9lemy\u00a0<\/b><\/h3>\n<p><span style=\"font-weight: 400;\">Certains paysages ou points de vue ne sont accessibles qu\u2019\u00e0 pied. Vous pouvez envisager des excursions \u00e0 la journ\u00e9e en organisant soit une<\/span><b> randonn\u00e9e p\u00e9destre<\/b><span style=\"font-weight: 400;\">, soit un<\/span> <span style=\"font-weight: 400;\">trail pour les plus <\/span><b>sportifs<\/b><span style=\"font-weight: 400;\">. Ainsi, d\u00e9couvrez les <\/span><b>plus beaux endroits de l\u2019\u00eele de Saint-Barth\u00e9lemy<\/b><span style=\"font-weight: 400;\">. Des <\/span><b>balades \u00e0 cheval <\/b><span style=\"font-weight: 400;\">sont possibles, le long de la plage ou dans les terres. Enfin, pour plus de d\u00e9tente, des centres de <\/span><b>spa et de massages <\/b><span style=\"font-weight: 400;\">vous accueillent pour un moment de d\u00e9tente inoubliable dans des \u00e9tablissements luxueux.<\/span><\/p>\n<p>&nbsp;<\/p>\n<p><a href=\"https:\/\/www.mauricecarrental.com\/wp-content\/uploads\/2021\/12\/decouvrir-saint-barth.jpg\"><img loading=\"lazy\" decoding=\"async\" class=\"size-full wp-image-1214 aligncenter\" src=\"https:\/\/www.mauricecarrental.com\/wp-content\/uploads\/2021\/12\/decouvrir-saint-barth.jpg\" alt=\"saint barth plage loisir\" width=\"1200\" height=\"800\" srcset=\"https:\/\/www.mauricecarrental.com\/wp-content\/uploads\/2021\/12\/decouvrir-saint-barth.jpg 1200w, https:\/\/www.mauricecarrental.com\/wp-content\/uploads\/2021\/12\/decouvrir-saint-barth-300x200.jpg 300w, https:\/\/www.mauricecarrental.com\/wp-content\/uploads\/2021\/12\/decouvrir-saint-barth-1024x683.jpg 1024w, https:\/\/www.mauricecarrental.com\/wp-content\/uploads\/2021\/12\/decouvrir-saint-barth-768x512.jpg 768w, https:\/\/www.mauricecarrental.com\/wp-content\/uploads\/2021\/12\/decouvrir-saint-barth-600x400.jpg 600w\" sizes=\"auto, (max-width: 1200px) 100vw, 1200px\" \/><\/a><\/p>\n<p>&nbsp;<\/p>\n<p>&nbsp;<\/p>\n<h2><b>Baignade \u00e0 Saint Barth\u00e9lemy\u00a0<\/b><\/h2>\n<p><span style=\"font-weight: 400;\">Pour vous pr\u00e9lasser sur la plage, ce ne sont pas les endroits qui manquent \u00e0 St Barth. Plages de sable blanc, eaux turquoise, cocotiers ou v\u00e9g\u00e9tation sauvage, il y en a pour tous les go\u00fbts. Des grandes baies aux piscines naturelles en passant par de petites criques, l\u2019<\/span><b>\u00eele de St Barth<\/b><span style=\"font-weight: 400;\"> a du r\u00eave \u00e0 revendre et vous offre un cadre idyllique pour passer d\u2019agr\u00e9ables moments de farniente. Profitez des <\/span><b>plus belles plages de l\u2019\u00eele de Saint-Barth<\/b><span style=\"font-weight: 400;\"> en vous baignant dans une eau d\u00e9licieusement bonne. Le climat tropical offre \u00e0 ses eaux une temp\u00e9rature jamais inf\u00e9rieure \u00e0 26\u00b0C. Les plages sont plus ou moins accessibles \u00e0 tous, certaines n\u00e9cessitant davantage d\u2019\u00eatre en bonne condition physique du fait de leur acc\u00e8s uniquement \u00e0 pied, et parfois un peu long et escarp\u00e9. C\u2019est le cas des <\/span><b>piscines naturelles,<\/b><span style=\"font-weight: 400;\"> situ\u00e9es sur la pointe droite de la <\/span><b>plage de Petit Cul-de-Sac<\/b><span style=\"font-weight: 400;\">. Encore peu connues du tourisme de masse, elles sont un v\u00e9ritable petit coin de paradis sur terre. Accessibles apr\u00e8s une randonn\u00e9e d\u2019une bonne demi-heure, s\u2019y rendre requiert d\u2019\u00eatre en bonne condition physique pour pouvoir profiter de ces eaux limpides et transparentes formant ces bassins d\u2019eau naturelle.<\/span><\/p>\n<p>&nbsp;<\/p>\n<h2><b>Restaurant \u00e0 Saint Barth\u00e9lemy\u00a0<\/b><\/h2>\n<p><b>Saint Barth\u00e9lemy est une des \u00eeles des Antilles fran\u00e7aises<\/b><span style=\"font-weight: 400;\"> les plus r\u00e9put\u00e9es pour ses qualit\u00e9s culinaires. Elle compte des dizaines de restaurants, de l\u2019\u00e9tablissement le plus simple au restaurant gastronomique de luxe. Bon nombre de ces restaurants se situent dans la <\/span><b>ville de Gustavia<\/b><span style=\"font-weight: 400;\"> et plus particuli\u00e8rement autour du port. B\u00e9n\u00e9ficiez alors d\u2019une vue sur la mer durant votre repas et profitez d\u2019une cuisine gastronomique de qualit\u00e9 dans des \u00e9tablissements de luxe. D\u2019autres restaurants se situent dans des jardins tropicaux magnifiques permettant de d\u00eener en toute tranquillit\u00e9 dans un lieu paisible. Des adresses incontournables sont \u00e0 ne pas rater comme le restaurant Le Ga\u00efac, proposant une cuisine fran\u00e7aise aux saveurs locales. Le restaurant l\u2019Esprit et sa terrasse au milieu d\u2019un jardin tropical vous proposent une cuisine gastronomique pr\u00e8s de la plage de Saline ou le restaurant Maya\u2019s, une v\u00e9ritable institution \u00e0 <\/span><b>Saint Barth<\/b><span style=\"font-weight: 400;\">. Situ\u00e9 \u00e0 Gustavia, il surplombe l\u2019eau de Public, un quartier de la ville. La chef cuisini\u00e8re Maya concocte des<\/span><b> plats frais antillais<\/b><span style=\"font-weight: 400;\"> savoureux, sains et l\u00e9gers. C\u00f4t\u00e9 cuisine locale, on retrouve la <\/span><b>cuisine cr\u00e9ole <\/b><span style=\"font-weight: 400;\">et la cuisine fran\u00e7aise essentiellement. Outre ces sp\u00e9cialit\u00e9s, la cuisine italienne et la cuisine asiatique sont tr\u00e8s r\u00e9pandues \u00e0 St Barth permettant aux touristes de trouver pizzas ou sushis sans difficult\u00e9. Vous trouverez d\u2019autres restaurants \u00e0 Saint Jean, au bord des plages de Grand Cul-de-Sac, Marigot, l\u2019Anse de Cayes, Colombier, Flamands Beach ou encore la plage de Grand Saline.\u00a0<\/span><\/p>\n<p>&nbsp;<\/p>\n<h2><b>Balade et farniente \u00e0 Saint Barth\u00e9lemy\u00a0<\/b><\/h2>\n<p><b>L\u2019\u00eele de Saint-Barth\u00e9lemy<\/b><span style=\"font-weight: 400;\"> offre un d\u00e9paysement total gr\u00e2ce \u00e0 ses paysages saisissants et ses vues imprenables. Chacune des magnifiques plages offre un panorama diff\u00e9rent, bord\u00e9e tant\u00f4t de palmiers ou de cocotiers, tant\u00f4t de v\u00e9g\u00e9tation plus sauvage ou de rochers. Accessibles par des sentiers p\u00e9destres pour certaines, elles permettent de se balader tout en profitant d\u2019un paysage magnifique, et vous offrant un moment d\u2019\u00e9vasion. Vous pouvez \u00e9galement parcourir l\u2019\u00eele en voiture \u00e0 travers un <\/span><a href=\"https:\/\/www.mauricecarrental.com\/fr\/visiter-saint-barthelemy\/circuit\/\"><span style=\"font-weight: 400;\">circuit de d\u00e9couverte<\/span><\/a><span style=\"font-weight: 400;\"> des plus beaux points de vue. Chacune d\u2019elles permet de passer un moment de d\u00e9tente ponctu\u00e9 par une <\/span><b>activit\u00e9 nautique ou sportive<\/b><span style=\"font-weight: 400;\"> si l\u2019envie se fait sentir, gr\u00e2ce aux <\/span><b>nombreux loisirs disponibles sur l\u2019\u00eele de Saint Barth\u00e9lemy<\/b><span style=\"font-weight: 400;\">. Des balades le long de la plage suivies d\u2019un magnifique coucher de soleil \u00e0 admirer depuis Gustavia font partie des moments magiques qu\u2019offre ce petit paradis. <\/span><\/p>\n","protected":false},"excerpt":{"rendered":"<p>Visiter Saint Barth\u00e9lemy : tourisme sur l&rsquo;\u00eele des petites Antilles Vous avez d\u00e9cid\u00e9 de vous envoler pour l\u2019\u00eele de St Barth ? Depuis la France ou l\u2019\u00eele de la R\u00e9union, plusieurs compagnies a\u00e9riennes vous proposent des itin\u00e9raires plus ou moins longs vers cette destination pris\u00e9e, comptant au minimum une escale. Des vols r\u00e9guliers sont propos\u00e9s [&hellip;]<\/p>\n","protected":false},"author":5,"featured_media":0,"parent":0,"menu_order":0,"comment_status":"closed","ping_status":"closed","template":"template-texte.php","meta":{"_acf_changed":false,"footnotes":""},"class_list":["post-1201","page","type-page","status-publish","hentry"],"acf":[],"yoast_head":"<!-- This site is optimized with the Yoast SEO plugin v26.8 - https:\/\/yoast.com\/product\/yoast-seo-wordpress\/ -->\n<title>Visiter Saint Barth : Pr\u00e9parez Votre Voyage sur l&#039;\u00cele<\/title>\n<meta name=\"description\" content=\"Visitez Saint-Barth\u00e9lemy en toute tranquillit\u00e9 : planifiez vos visites et vos d\u00e9placements avec nos v\u00e9hicules de location.\" \/>\n<meta name=\"robots\" content=\"index, follow, max-snippet:-1, max-image-preview:large, max-video-preview:-1\" \/>\n<link rel=\"canonical\" href=\"https:\/\/www.mauricecarrental.com\/fr\/visiter-saint-barthelemy\/\" \/>\n<meta property=\"og:locale\" content=\"fr_FR\" \/>\n<meta property=\"og:type\" content=\"article\" \/>\n<meta property=\"og:title\" content=\"Visiter Saint Barth : Pr\u00e9parez Votre Voyage sur l&#039;\u00cele\" \/>\n<meta property=\"og:description\" content=\"Visitez Saint-Barth\u00e9lemy en toute tranquillit\u00e9 : planifiez vos visites et vos d\u00e9placements avec nos v\u00e9hicules de location.\" \/>\n<meta property=\"og:url\" content=\"https:\/\/www.mauricecarrental.com\/fr\/visiter-saint-barthelemy\/\" \/>\n<meta property=\"og:site_name\" content=\"Maurice Car Rental\" \/>\n<meta property=\"article:publisher\" content=\"https:\/\/www.facebook.com\/mauricecarrental\/\" \/>\n<meta property=\"article:modified_time\" content=\"2024-07-18T08:57:34+00:00\" \/>\n<meta property=\"og:image\" content=\"https:\/\/www.mauricecarrental.com\/wp-content\/uploads\/2021\/12\/visiter-saint-barthelemy.jpg\" \/>\n<meta name=\"twitter:card\" content=\"summary_large_image\" \/>\n<meta name=\"twitter:label1\" content=\"Dur\u00e9e de lecture estim\u00e9e\" \/>\n\t<meta name=\"twitter:data1\" content=\"7 minutes\" \/>\n<script type=\"application\/ld+json\" class=\"yoast-schema-graph\">{\"@context\":\"https:\/\/schema.org\",\"@graph\":[{\"@type\":\"WebPage\",\"@id\":\"https:\/\/www.mauricecarrental.com\/fr\/visiter-saint-barthelemy\/\",\"url\":\"https:\/\/www.mauricecarrental.com\/fr\/visiter-saint-barthelemy\/\",\"name\":\"Visiter Saint Barth : Pr\u00e9parez Votre Voyage sur l'\u00cele\",\"isPartOf\":{\"@id\":\"https:\/\/www.mauricecarrental.com\/fr\/#website\"},\"primaryImageOfPage\":{\"@id\":\"https:\/\/www.mauricecarrental.com\/fr\/visiter-saint-barthelemy\/#primaryimage\"},\"image\":{\"@id\":\"https:\/\/www.mauricecarrental.com\/fr\/visiter-saint-barthelemy\/#primaryimage\"},\"thumbnailUrl\":\"https:\/\/www.mauricecarrental.com\/wp-content\/uploads\/2021\/12\/visiter-saint-barthelemy.jpg\",\"datePublished\":\"2021-12-23T09:27:30+00:00\",\"dateModified\":\"2024-07-18T08:57:34+00:00\",\"description\":\"Visitez Saint-Barth\u00e9lemy en toute tranquillit\u00e9 : planifiez vos visites et vos d\u00e9placements avec nos v\u00e9hicules de location.\",\"breadcrumb\":{\"@id\":\"https:\/\/www.mauricecarrental.com\/fr\/visiter-saint-barthelemy\/#breadcrumb\"},\"inLanguage\":\"fr-FR\",\"potentialAction\":[{\"@type\":\"ReadAction\",\"target\":[\"https:\/\/www.mauricecarrental.com\/fr\/visiter-saint-barthelemy\/\"]}]},{\"@type\":\"ImageObject\",\"inLanguage\":\"fr-FR\",\"@id\":\"https:\/\/www.mauricecarrental.com\/fr\/visiter-saint-barthelemy\/#primaryimage\",\"url\":\"https:\/\/www.mauricecarrental.com\/wp-content\/uploads\/2021\/12\/visiter-saint-barthelemy.jpg\",\"contentUrl\":\"https:\/\/www.mauricecarrental.com\/wp-content\/uploads\/2021\/12\/visiter-saint-barthelemy.jpg\"},{\"@type\":\"BreadcrumbList\",\"@id\":\"https:\/\/www.mauricecarrental.com\/fr\/visiter-saint-barthelemy\/#breadcrumb\",\"itemListElement\":[{\"@type\":\"ListItem\",\"position\":1,\"name\":\"Home\",\"item\":\"https:\/\/www.mauricecarrental.com\/fr\/\"},{\"@type\":\"ListItem\",\"position\":2,\"name\":\"visiter Saint Barth\u00e9lemy\"}]},{\"@type\":\"WebSite\",\"@id\":\"https:\/\/www.mauricecarrental.com\/fr\/#website\",\"url\":\"https:\/\/www.mauricecarrental.com\/fr\/\",\"name\":\"Maurice Car Rental\",\"description\":\"\",\"publisher\":{\"@id\":\"https:\/\/www.mauricecarrental.com\/fr\/#organization\"},\"potentialAction\":[{\"@type\":\"SearchAction\",\"target\":{\"@type\":\"EntryPoint\",\"urlTemplate\":\"https:\/\/www.mauricecarrental.com\/fr\/?s={search_term_string}\"},\"query-input\":{\"@type\":\"PropertyValueSpecification\",\"valueRequired\":true,\"valueName\":\"search_term_string\"}}],\"inLanguage\":\"fr-FR\"},{\"@type\":\"Organization\",\"@id\":\"https:\/\/www.mauricecarrental.com\/fr\/#organization\",\"name\":\"Maurice Car Rental\",\"url\":\"https:\/\/www.mauricecarrental.com\/fr\/\",\"logo\":{\"@type\":\"ImageObject\",\"inLanguage\":\"fr-FR\",\"@id\":\"https:\/\/www.mauricecarrental.com\/fr\/#\/schema\/logo\/image\/\",\"url\":\"https:\/\/www.mauricecarrental.com\/wp-content\/uploads\/2015\/07\/logo.jpg\",\"contentUrl\":\"https:\/\/www.mauricecarrental.com\/wp-content\/uploads\/2015\/07\/logo.jpg\",\"width\":206,\"height\":58,\"caption\":\"Maurice Car Rental\"},\"image\":{\"@id\":\"https:\/\/www.mauricecarrental.com\/fr\/#\/schema\/logo\/image\/\"},\"sameAs\":[\"https:\/\/www.facebook.com\/mauricecarrental\/\",\"https:\/\/www.instagram.com\/mauricecar.rental.stbarth\/?hl=en\"]}]}<\/script>\n<!-- \/ Yoast SEO plugin. -->","yoast_head_json":{"title":"Visiter Saint Barth : Pr\u00e9parez Votre Voyage sur l'\u00cele","description":"Visitez Saint-Barth\u00e9lemy en toute tranquillit\u00e9 : planifiez vos visites et vos d\u00e9placements avec nos v\u00e9hicules de location.","robots":{"index":"index","follow":"follow","max-snippet":"max-snippet:-1","max-image-preview":"max-image-preview:large","max-video-preview":"max-video-preview:-1"},"canonical":"https:\/\/www.mauricecarrental.com\/fr\/visiter-saint-barthelemy\/","og_locale":"fr_FR","og_type":"article","og_title":"Visiter Saint Barth : Pr\u00e9parez Votre Voyage sur l'\u00cele","og_description":"Visitez Saint-Barth\u00e9lemy en toute tranquillit\u00e9 : planifiez vos visites et vos d\u00e9placements avec nos v\u00e9hicules de location.","og_url":"https:\/\/www.mauricecarrental.com\/fr\/visiter-saint-barthelemy\/","og_site_name":"Maurice Car Rental","article_publisher":"https:\/\/www.facebook.com\/mauricecarrental\/","article_modified_time":"2024-07-18T08:57:34+00:00","og_image":[{"url":"https:\/\/www.mauricecarrental.com\/wp-content\/uploads\/2021\/12\/visiter-saint-barthelemy.jpg","type":"","width":"","height":""}],"twitter_card":"summary_large_image","twitter_misc":{"Dur\u00e9e de lecture estim\u00e9e":"7 minutes"},"schema":{"@context":"https:\/\/schema.org","@graph":[{"@type":"WebPage","@id":"https:\/\/www.mauricecarrental.com\/fr\/visiter-saint-barthelemy\/","url":"https:\/\/www.mauricecarrental.com\/fr\/visiter-saint-barthelemy\/","name":"Visiter Saint Barth : Pr\u00e9parez Votre Voyage sur l'\u00cele","isPartOf":{"@id":"https:\/\/www.mauricecarrental.com\/fr\/#website"},"primaryImageOfPage":{"@id":"https:\/\/www.mauricecarrental.com\/fr\/visiter-saint-barthelemy\/#primaryimage"},"image":{"@id":"https:\/\/www.mauricecarrental.com\/fr\/visiter-saint-barthelemy\/#primaryimage"},"thumbnailUrl":"https:\/\/www.mauricecarrental.com\/wp-content\/uploads\/2021\/12\/visiter-saint-barthelemy.jpg","datePublished":"2021-12-23T09:27:30+00:00","dateModified":"2024-07-18T08:57:34+00:00","description":"Visitez Saint-Barth\u00e9lemy en toute tranquillit\u00e9 : planifiez vos visites et vos d\u00e9placements avec nos v\u00e9hicules de location.","breadcrumb":{"@id":"https:\/\/www.mauricecarrental.com\/fr\/visiter-saint-barthelemy\/#breadcrumb"},"inLanguage":"fr-FR","potentialAction":[{"@type":"ReadAction","target":["https:\/\/www.mauricecarrental.com\/fr\/visiter-saint-barthelemy\/"]}]},{"@type":"ImageObject","inLanguage":"fr-FR","@id":"https:\/\/www.mauricecarrental.com\/fr\/visiter-saint-barthelemy\/#primaryimage","url":"https:\/\/www.mauricecarrental.com\/wp-content\/uploads\/2021\/12\/visiter-saint-barthelemy.jpg","contentUrl":"https:\/\/www.mauricecarrental.com\/wp-content\/uploads\/2021\/12\/visiter-saint-barthelemy.jpg"},{"@type":"BreadcrumbList","@id":"https:\/\/www.mauricecarrental.com\/fr\/visiter-saint-barthelemy\/#breadcrumb","itemListElement":[{"@type":"ListItem","position":1,"name":"Home","item":"https:\/\/www.mauricecarrental.com\/fr\/"},{"@type":"ListItem","position":2,"name":"visiter Saint Barth\u00e9lemy"}]},{"@type":"WebSite","@id":"https:\/\/www.mauricecarrental.com\/fr\/#website","url":"https:\/\/www.mauricecarrental.com\/fr\/","name":"Maurice Car Rental","description":"","publisher":{"@id":"https:\/\/www.mauricecarrental.com\/fr\/#organization"},"potentialAction":[{"@type":"SearchAction","target":{"@type":"EntryPoint","urlTemplate":"https:\/\/www.mauricecarrental.com\/fr\/?s={search_term_string}"},"query-input":{"@type":"PropertyValueSpecification","valueRequired":true,"valueName":"search_term_string"}}],"inLanguage":"fr-FR"},{"@type":"Organization","@id":"https:\/\/www.mauricecarrental.com\/fr\/#organization","name":"Maurice Car Rental","url":"https:\/\/www.mauricecarrental.com\/fr\/","logo":{"@type":"ImageObject","inLanguage":"fr-FR","@id":"https:\/\/www.mauricecarrental.com\/fr\/#\/schema\/logo\/image\/","url":"https:\/\/www.mauricecarrental.com\/wp-content\/uploads\/2015\/07\/logo.jpg","contentUrl":"https:\/\/www.mauricecarrental.com\/wp-content\/uploads\/2015\/07\/logo.jpg","width":206,"height":58,"caption":"Maurice Car Rental"},"image":{"@id":"https:\/\/www.mauricecarrental.com\/fr\/#\/schema\/logo\/image\/"},"sameAs":["https:\/\/www.facebook.com\/mauricecarrental\/","https:\/\/www.instagram.com\/mauricecar.rental.stbarth\/?hl=en"]}]}},"_links":{"self":[{"href":"https:\/\/www.mauricecarrental.com\/fr\/wp-json\/wp\/v2\/pages\/1201","targetHints":{"allow":["GET"]}}],"collection":[{"href":"https:\/\/www.mauricecarrental.com\/fr\/wp-json\/wp\/v2\/pages"}],"about":[{"href":"https:\/\/www.mauricecarrental.com\/fr\/wp-json\/wp\/v2\/types\/page"}],"author":[{"embeddable":true,"href":"https:\/\/www.mauricecarrental.com\/fr\/wp-json\/wp\/v2\/users\/5"}],"replies":[{"embeddable":true,"href":"https:\/\/www.mauricecarrental.com\/fr\/wp-json\/wp\/v2\/comments?post=1201"}],"version-history":[{"count":4,"href":"https:\/\/www.mauricecarrental.com\/fr\/wp-json\/wp\/v2\/pages\/1201\/revisions"}],"predecessor-version":[{"id":1823,"href":"https:\/\/www.mauricecarrental.com\/fr\/wp-json\/wp\/v2\/pages\/1201\/revisions\/1823"}],"wp:attachment":[{"href":"https:\/\/www.mauricecarrental.com\/fr\/wp-json\/wp\/v2\/media?parent=1201"}],"curies":[{"name":"wp","href":"https:\/\/api.w.org\/{rel}","templated":true}]}}