{"id":1445,"date":"2022-08-03T11:02:22","date_gmt":"2022-08-03T10:02:22","guid":{"rendered":"https:\/\/www.mauricecarrental.com\/?page_id=1445"},"modified":"2024-07-18T09:59:36","modified_gmt":"2024-07-18T08:59:36","slug":"quel-voiture-louer-st-barth","status":"publish","type":"page","link":"https:\/\/www.mauricecarrental.com\/fr\/visiter-saint-barthelemy\/quel-voiture-louer-st-barth\/","title":{"rendered":"quel voiture louer st barth"},"content":{"rendered":"<h1>Quelle voiture pour votre s\u00e9jour \u00e0 Saint-Barth\u00e9l\u00e9my ?<\/h1>\n<p><a href=\"https:\/\/www.mauricecarrental.com\/wp-content\/uploads\/2022\/08\/location-cabriolet-st-barth.jpg\"><img loading=\"lazy\" decoding=\"async\" class=\"aligncenter wp-image-1446 size-full\" src=\"https:\/\/www.mauricecarrental.com\/wp-content\/uploads\/2022\/08\/location-cabriolet-st-barth.jpg\" alt=\"choisir voiture location saint barth\" width=\"1200\" height=\"675\" srcset=\"https:\/\/www.mauricecarrental.com\/wp-content\/uploads\/2022\/08\/location-cabriolet-st-barth.jpg 1200w, https:\/\/www.mauricecarrental.com\/wp-content\/uploads\/2022\/08\/location-cabriolet-st-barth-300x169.jpg 300w, https:\/\/www.mauricecarrental.com\/wp-content\/uploads\/2022\/08\/location-cabriolet-st-barth-1024x576.jpg 1024w, https:\/\/www.mauricecarrental.com\/wp-content\/uploads\/2022\/08\/location-cabriolet-st-barth-768x432.jpg 768w\" sizes=\"auto, (max-width: 1200px) 100vw, 1200px\" \/><\/a><\/p>\n<p>&nbsp;<\/p>\n<p>Les eaux turquoise, les plages isol\u00e9es, la nature foisonnante, le centre-ville anim\u00e9 de Gustavia\u2026 L\u2019<b>\u00eele de Saint-Barth\u00e9lemy<\/b> promet des vacances m\u00e9morables \u00e0 tous points de vue. Pour en profiter au maximum par ses propres moyens et <a href=\"https:\/\/www.mauricecarrental.com\/fr\/visiter-saint-barthelemy\/\">visiter un maximum de choses<\/a>, la <b>voiture de location \u00e0 Saint-Barth\u00e9lemy<\/b> est l\u2019option id\u00e9ale pour se d\u00e9placer o\u00f9 vous le souhaitez quand vous le voulez. S\u00e9lectionnez votre<b> v\u00e9hicule de location <\/b>parmi nos nombreuses offres de mod\u00e8le.<\/p>\n<h2><span style=\"font-weight: 400;\">Location d&rsquo;une voiture citadine \u00e0 St-Barth\u00a0\u00a0<\/span><\/h2>\n<p><b>Louer une citadine \u00e0 St-Barth<\/b><span style=\"font-weight: 400;\"> sera parfait pour allier praticit\u00e9, confort et budget. C\u2019est la location id\u00e9ale pour <\/span><b>rouler en voiture \u00e0 Gustavia<\/b><span style=\"font-weight: 400;\">. Ainsi, vous pourrez vous faufiler et vous garer tr\u00e8s facilement dans le <\/span><b>centre-ville de St-Barth<\/b><span style=\"font-weight: 400;\"> gr\u00e2ce au petit format de la citadine. Pour <a href=\"https:\/\/www.mauricecarrental.com\/fr\/visiter-saint-barthelemy\/se-deplacer-st-barth\/\">se d\u00e9placer et faire des excursions<\/a> seul, en couple ou avec une petite famille, <\/span><b>louer une voiture citadine \u00e0 Saint-Barth\u00e9lemy<\/b><span style=\"font-weight: 400;\"> est la bonne id\u00e9e pour passer d\u2019excellentes vacances !<\/span><\/p>\n<p>&nbsp;<\/p>\n<h2><span style=\"font-weight: 400;\">Location d&rsquo;un SUV \u00e0 St-Barth\u00a0\u00a0<\/span><\/h2>\n<p><span style=\"font-weight: 400;\">Pour partir \u00e0 l\u2019aventure confortablement en famille ou entre amis, la <\/span><b>location d\u2019un SUV \u00e0 Saint-Barth <\/b><span style=\"font-weight: 400;\">sera votre alli\u00e9e pr\u00e9f\u00e9r\u00e9e. Ce v\u00e9hicule tr\u00e8s spacieux vous emm\u00e8nera partout o\u00f9 il le faudra sur l\u2019<\/span><b>\u00eele de Saint-Barth\u00e9lemy<\/b><span style=\"font-weight: 400;\">. C\u2019est l\u2019option id\u00e9ale pour transporter avec soi beaucoup de bagages ou d\u2019accessoires pour aller \u00e0 la plage, ainsi que pour d\u00e9couvrir les <a href=\"https:\/\/www.mauricecarrental.com\/fr\/visiter-saint-barthelemy\/restaurants\/\">nombreux restaurants r\u00e9put\u00e9s de l&rsquo;\u00eele<\/a>. Pour compl\u00e9ter votre <\/span><b>location de SUV<\/b><span style=\"font-weight: 400;\">, vous pouve<\/span><span style=\"font-weight: 400;\">z \u00e9galement rajouter des options comme un porte-surf, un si\u00e8ge b\u00e9b\u00e9 ou un rehausseur pour enfant.<\/span><\/p>\n<p>&nbsp;<\/p>\n<p>&nbsp;<\/p>\n<p><img loading=\"lazy\" decoding=\"async\" class=\"aligncenter wp-image-1448 size-full\" src=\"https:\/\/www.mauricecarrental.com\/wp-content\/uploads\/2022\/08\/location-citadine-st-barth.jpg\" alt=\"louer voiture citadine saint barth\u00e9lemy\" width=\"1200\" height=\"674\" srcset=\"https:\/\/www.mauricecarrental.com\/wp-content\/uploads\/2022\/08\/location-citadine-st-barth.jpg 1200w, https:\/\/www.mauricecarrental.com\/wp-content\/uploads\/2022\/08\/location-citadine-st-barth-300x169.jpg 300w, https:\/\/www.mauricecarrental.com\/wp-content\/uploads\/2022\/08\/location-citadine-st-barth-1024x575.jpg 1024w, https:\/\/www.mauricecarrental.com\/wp-content\/uploads\/2022\/08\/location-citadine-st-barth-768x431.jpg 768w\" sizes=\"auto, (max-width: 1200px) 100vw, 1200px\" \/><\/p>\n<h2><\/h2>\n<h2><span style=\"font-weight: 400;\">Louer un cabriolet \u00e0 St-Barth<\/span><\/h2>\n<p><span style=\"font-weight: 400;\">Cr\u00e9ez-vous une ambiance de vacances jusqu\u2019au bout avec la <\/span><b>location d\u2019un cabriolet \u00e0 St-Barth<\/b><span style=\"font-weight: 400;\"> ! Cheveux au vent, le soleil sera au rendez-vous durant tout votre s\u00e9jour, pourquoi ne pas en profiter m\u00eame sur la route ? C\u2019est le v\u00e9hicule de r\u00eave pour <a href=\"https:\/\/www.mauricecarrental.com\/fr\/visiter-saint-barthelemy\/activite\/\" target=\"_blank\" rel=\"noopener\">faire des activit\u00e9s sur l&rsquo;\u00eele<\/a> en couple dans des coins recul\u00e9s et romantiques et admirer le coucher de soleil.<\/span><\/p>\n<h2><span style=\"font-weight: 400;\">Location d&rsquo;une voiture \u00e9lectrique \u00e0 St-Barth<\/span><\/h2>\n<p><span style=\"font-weight: 400;\">Voyager en toute responsabilit\u00e9, c\u2019est possible avec la <\/span><b>location d\u2019une voiture \u00e9lectrique \u00e0 St-Barth<\/b><span style=\"font-weight: 400;\"> ! En plus d\u2019allier \u00e9cologie et voyage, vous pourrez passer des trajets silencieux pour profiter au mieux des sons d\u00e9paysants de la nature de l\u2019\u00eele. Son autonomie conviendra aussi bien pour des <\/span><b>d\u00e9placements \u00e0 Gustavia<\/b><span style=\"font-weight: 400;\"> que pour des <a href=\"https:\/\/www.mauricecarrental.com\/fr\/visiter-saint-barthelemy\/circuit\/\">trajets \u00e0 l\u2019autre bout de l\u2019\u00eele<\/a> ou de l\u2019a\u00e9roport \u00e0 votre h\u00e9bergement.<\/span><\/p>\n<p>&nbsp;<\/p>\n<p><img loading=\"lazy\" decoding=\"async\" class=\"aligncenter wp-image-1450 size-full\" src=\"https:\/\/www.mauricecarrental.com\/wp-content\/uploads\/2022\/08\/location-suv-saint-barth.jpg\" alt=\"louer un SUV \u00e0 st barth\" width=\"1200\" height=\"800\" srcset=\"https:\/\/www.mauricecarrental.com\/wp-content\/uploads\/2022\/08\/location-suv-saint-barth.jpg 1200w, https:\/\/www.mauricecarrental.com\/wp-content\/uploads\/2022\/08\/location-suv-saint-barth-300x200.jpg 300w, https:\/\/www.mauricecarrental.com\/wp-content\/uploads\/2022\/08\/location-suv-saint-barth-1024x683.jpg 1024w, https:\/\/www.mauricecarrental.com\/wp-content\/uploads\/2022\/08\/location-suv-saint-barth-768x512.jpg 768w, https:\/\/www.mauricecarrental.com\/wp-content\/uploads\/2022\/08\/location-suv-saint-barth-600x400.jpg 600w\" sizes=\"auto, (max-width: 1200px) 100vw, 1200px\" \/><\/p>\n<h2><\/h2>\n<h2><span style=\"font-weight: 400;\">Location de tous types de v\u00e9hicules \u00e0 St-Barth avec MauriceCarRental\u00a0<\/span><\/h2>\n<p><span style=\"font-weight: 400;\">Notre <\/span><b>agence de location de voiture \u00e0 St-Barth<\/b><span style=\"font-weight: 400;\"> vous propose un large choix de v\u00e9hicules \u00e0 louer sur l\u2019\u00eele et \u00e0 des <a href=\"https:\/\/www.mauricecarrental.com\/fr\/visiter-saint-barthelemy\/prix-location-voiture-st-barth\/\">prix tr\u00e8s comp\u00e9titifs<\/a>. En fonction de vos besoins, de votre s\u00e9jour et de votre budget, vous trouverez forc\u00e9ment la location de voiture qui vous convient. Classique, citadine, SUV, \u00e9lectrique, d\u00e9capotable et m\u00eame voiture de luxe, tous les types de mod\u00e8les de <\/span><b>v\u00e9hicules sont \u00e0 louer dans notre agence MauriceCarRental<\/b><span style=\"font-weight: 400;\">. Vous pourrez <\/span><b>r\u00e9server votre location de voiture \u00e0 Saint-Barth\u00e9lemy en ligne <\/b><span style=\"font-weight: 400;\">sur notre site web ou bien directement dans l\u2019une de nos <\/span><b>agences de location de\u00a0 voiture<\/b><span style=\"font-weight: 400;\">. Plusieurs options vous seront propos\u00e9es pour compl\u00e9ter votre r\u00e9servation et obtenir la location qui r\u00e9ponde parfaitement \u00e0 tous vos besoins lors de votre s\u00e9jour. Sachez \u00e9galement que vous pouvez r\u00e9cup\u00e9rer votre<\/span><b> location de voiture \u00e0 Gustavia<\/b><span style=\"font-weight: 400;\">, \u00e0 l\u2019a\u00e9roport de Saint-Barth\u00e9lemy ou \u00e0 n\u2019importe quel autre endroit de l\u2019\u00eele comme votre <a href=\"https:\/\/www.mauricecarrental.com\/fr\/visiter-saint-barthelemy\/logement\/\">logement ou votre h\u00f4tel<\/a>.<\/span><\/p>\n<p>&nbsp;<\/p>\n","protected":false},"excerpt":{"rendered":"<p>Quelle voiture pour votre s\u00e9jour \u00e0 Saint-Barth\u00e9l\u00e9my ? &nbsp; Les eaux turquoise, les plages isol\u00e9es, la nature foisonnante, le centre-ville anim\u00e9 de Gustavia\u2026 L\u2019\u00eele de Saint-Barth\u00e9lemy promet des vacances m\u00e9morables \u00e0 tous points de vue. Pour en profiter au maximum par ses propres moyens et visiter un maximum de choses, la voiture de location \u00e0 [&hellip;]<\/p>\n","protected":false},"author":6,"featured_media":0,"parent":1201,"menu_order":0,"comment_status":"closed","ping_status":"closed","template":"template-texte.php","meta":{"_acf_changed":false,"footnotes":""},"class_list":["post-1445","page","type-page","status-publish","hentry"],"acf":[],"yoast_head":"<!-- This site is optimized with the Yoast SEO plugin v26.8 - https:\/\/yoast.com\/product\/yoast-seo-wordpress\/ -->\n<title>Louer Voiture Saint Barth : Laquelle Choisir ?<\/title>\n<meta name=\"description\" content=\"Optez pour la location de voiture \u00e0 Saint Barth : SUV, cabriolet, \u00e9lectrique, citadine, pour un d\u00e9placement sans souci sur l&#039;\u00eele avec Maurice Car Rental\" \/>\n<meta name=\"robots\" content=\"index, follow, max-snippet:-1, max-image-preview:large, max-video-preview:-1\" \/>\n<link rel=\"canonical\" href=\"https:\/\/www.mauricecarrental.com\/fr\/visiter-saint-barthelemy\/quel-voiture-louer-st-barth\/\" \/>\n<meta property=\"og:locale\" content=\"fr_FR\" \/>\n<meta property=\"og:type\" content=\"article\" \/>\n<meta property=\"og:title\" content=\"Louer Voiture Saint Barth : Laquelle Choisir ?\" \/>\n<meta property=\"og:description\" content=\"Optez pour la location de voiture \u00e0 Saint Barth : SUV, cabriolet, \u00e9lectrique, citadine, pour un d\u00e9placement sans souci sur l&#039;\u00eele avec Maurice Car Rental\" \/>\n<meta property=\"og:url\" content=\"https:\/\/www.mauricecarrental.com\/fr\/visiter-saint-barthelemy\/quel-voiture-louer-st-barth\/\" \/>\n<meta property=\"og:site_name\" content=\"Maurice Car Rental\" \/>\n<meta property=\"article:publisher\" content=\"https:\/\/www.facebook.com\/mauricecarrental\/\" \/>\n<meta property=\"article:modified_time\" content=\"2024-07-18T08:59:36+00:00\" \/>\n<meta property=\"og:image\" content=\"https:\/\/www.mauricecarrental.com\/wp-content\/uploads\/2022\/08\/location-cabriolet-st-barth.jpg\" \/>\n<meta name=\"twitter:card\" content=\"summary_large_image\" \/>\n<meta name=\"twitter:label1\" content=\"Dur\u00e9e de lecture estim\u00e9e\" \/>\n\t<meta name=\"twitter:data1\" content=\"3 minutes\" \/>\n<script type=\"application\/ld+json\" class=\"yoast-schema-graph\">{\"@context\":\"https:\/\/schema.org\",\"@graph\":[{\"@type\":\"WebPage\",\"@id\":\"https:\/\/www.mauricecarrental.com\/fr\/visiter-saint-barthelemy\/quel-voiture-louer-st-barth\/\",\"url\":\"https:\/\/www.mauricecarrental.com\/fr\/visiter-saint-barthelemy\/quel-voiture-louer-st-barth\/\",\"name\":\"Louer Voiture Saint Barth : Laquelle Choisir ?\",\"isPartOf\":{\"@id\":\"https:\/\/www.mauricecarrental.com\/fr\/#website\"},\"primaryImageOfPage\":{\"@id\":\"https:\/\/www.mauricecarrental.com\/fr\/visiter-saint-barthelemy\/quel-voiture-louer-st-barth\/#primaryimage\"},\"image\":{\"@id\":\"https:\/\/www.mauricecarrental.com\/fr\/visiter-saint-barthelemy\/quel-voiture-louer-st-barth\/#primaryimage\"},\"thumbnailUrl\":\"https:\/\/www.mauricecarrental.com\/wp-content\/uploads\/2022\/08\/location-cabriolet-st-barth.jpg\",\"datePublished\":\"2022-08-03T10:02:22+00:00\",\"dateModified\":\"2024-07-18T08:59:36+00:00\",\"description\":\"Optez pour la location de voiture \u00e0 Saint Barth : SUV, cabriolet, \u00e9lectrique, citadine, pour un d\u00e9placement sans souci sur l'\u00eele avec Maurice Car Rental\",\"breadcrumb\":{\"@id\":\"https:\/\/www.mauricecarrental.com\/fr\/visiter-saint-barthelemy\/quel-voiture-louer-st-barth\/#breadcrumb\"},\"inLanguage\":\"fr-FR\",\"potentialAction\":[{\"@type\":\"ReadAction\",\"target\":[\"https:\/\/www.mauricecarrental.com\/fr\/visiter-saint-barthelemy\/quel-voiture-louer-st-barth\/\"]}]},{\"@type\":\"ImageObject\",\"inLanguage\":\"fr-FR\",\"@id\":\"https:\/\/www.mauricecarrental.com\/fr\/visiter-saint-barthelemy\/quel-voiture-louer-st-barth\/#primaryimage\",\"url\":\"https:\/\/www.mauricecarrental.com\/wp-content\/uploads\/2022\/08\/location-cabriolet-st-barth.jpg\",\"contentUrl\":\"https:\/\/www.mauricecarrental.com\/wp-content\/uploads\/2022\/08\/location-cabriolet-st-barth.jpg\"},{\"@type\":\"BreadcrumbList\",\"@id\":\"https:\/\/www.mauricecarrental.com\/fr\/visiter-saint-barthelemy\/quel-voiture-louer-st-barth\/#breadcrumb\",\"itemListElement\":[{\"@type\":\"ListItem\",\"position\":1,\"name\":\"Home\",\"item\":\"https:\/\/www.mauricecarrental.com\/fr\/\"},{\"@type\":\"ListItem\",\"position\":2,\"name\":\"visiter Saint Barth\u00e9lemy\",\"item\":\"https:\/\/www.mauricecarrental.com\/fr\/visiter-saint-barthelemy\/\"},{\"@type\":\"ListItem\",\"position\":3,\"name\":\"quel voiture louer st barth\"}]},{\"@type\":\"WebSite\",\"@id\":\"https:\/\/www.mauricecarrental.com\/fr\/#website\",\"url\":\"https:\/\/www.mauricecarrental.com\/fr\/\",\"name\":\"Maurice Car Rental\",\"description\":\"\",\"publisher\":{\"@id\":\"https:\/\/www.mauricecarrental.com\/fr\/#organization\"},\"potentialAction\":[{\"@type\":\"SearchAction\",\"target\":{\"@type\":\"EntryPoint\",\"urlTemplate\":\"https:\/\/www.mauricecarrental.com\/fr\/?s={search_term_string}\"},\"query-input\":{\"@type\":\"PropertyValueSpecification\",\"valueRequired\":true,\"valueName\":\"search_term_string\"}}],\"inLanguage\":\"fr-FR\"},{\"@type\":\"Organization\",\"@id\":\"https:\/\/www.mauricecarrental.com\/fr\/#organization\",\"name\":\"Maurice Car Rental\",\"url\":\"https:\/\/www.mauricecarrental.com\/fr\/\",\"logo\":{\"@type\":\"ImageObject\",\"inLanguage\":\"fr-FR\",\"@id\":\"https:\/\/www.mauricecarrental.com\/fr\/#\/schema\/logo\/image\/\",\"url\":\"https:\/\/www.mauricecarrental.com\/wp-content\/uploads\/2015\/07\/logo.jpg\",\"contentUrl\":\"https:\/\/www.mauricecarrental.com\/wp-content\/uploads\/2015\/07\/logo.jpg\",\"width\":206,\"height\":58,\"caption\":\"Maurice Car Rental\"},\"image\":{\"@id\":\"https:\/\/www.mauricecarrental.com\/fr\/#\/schema\/logo\/image\/\"},\"sameAs\":[\"https:\/\/www.facebook.com\/mauricecarrental\/\",\"https:\/\/www.instagram.com\/mauricecar.rental.stbarth\/?hl=en\"]}]}<\/script>\n<!-- \/ Yoast SEO plugin. -->","yoast_head_json":{"title":"Louer Voiture Saint Barth : Laquelle Choisir ?","description":"Optez pour la location de voiture \u00e0 Saint Barth : SUV, cabriolet, \u00e9lectrique, citadine, pour un d\u00e9placement sans souci sur l'\u00eele avec Maurice Car Rental","robots":{"index":"index","follow":"follow","max-snippet":"max-snippet:-1","max-image-preview":"max-image-preview:large","max-video-preview":"max-video-preview:-1"},"canonical":"https:\/\/www.mauricecarrental.com\/fr\/visiter-saint-barthelemy\/quel-voiture-louer-st-barth\/","og_locale":"fr_FR","og_type":"article","og_title":"Louer Voiture Saint Barth : Laquelle Choisir ?","og_description":"Optez pour la location de voiture \u00e0 Saint Barth : SUV, cabriolet, \u00e9lectrique, citadine, pour un d\u00e9placement sans souci sur l'\u00eele avec Maurice Car Rental","og_url":"https:\/\/www.mauricecarrental.com\/fr\/visiter-saint-barthelemy\/quel-voiture-louer-st-barth\/","og_site_name":"Maurice Car Rental","article_publisher":"https:\/\/www.facebook.com\/mauricecarrental\/","article_modified_time":"2024-07-18T08:59:36+00:00","og_image":[{"url":"https:\/\/www.mauricecarrental.com\/wp-content\/uploads\/2022\/08\/location-cabriolet-st-barth.jpg","type":"","width":"","height":""}],"twitter_card":"summary_large_image","twitter_misc":{"Dur\u00e9e de lecture estim\u00e9e":"3 minutes"},"schema":{"@context":"https:\/\/schema.org","@graph":[{"@type":"WebPage","@id":"https:\/\/www.mauricecarrental.com\/fr\/visiter-saint-barthelemy\/quel-voiture-louer-st-barth\/","url":"https:\/\/www.mauricecarrental.com\/fr\/visiter-saint-barthelemy\/quel-voiture-louer-st-barth\/","name":"Louer Voiture Saint Barth : Laquelle Choisir ?","isPartOf":{"@id":"https:\/\/www.mauricecarrental.com\/fr\/#website"},"primaryImageOfPage":{"@id":"https:\/\/www.mauricecarrental.com\/fr\/visiter-saint-barthelemy\/quel-voiture-louer-st-barth\/#primaryimage"},"image":{"@id":"https:\/\/www.mauricecarrental.com\/fr\/visiter-saint-barthelemy\/quel-voiture-louer-st-barth\/#primaryimage"},"thumbnailUrl":"https:\/\/www.mauricecarrental.com\/wp-content\/uploads\/2022\/08\/location-cabriolet-st-barth.jpg","datePublished":"2022-08-03T10:02:22+00:00","dateModified":"2024-07-18T08:59:36+00:00","description":"Optez pour la location de voiture \u00e0 Saint Barth : SUV, cabriolet, \u00e9lectrique, citadine, pour un d\u00e9placement sans souci sur l'\u00eele avec Maurice Car Rental","breadcrumb":{"@id":"https:\/\/www.mauricecarrental.com\/fr\/visiter-saint-barthelemy\/quel-voiture-louer-st-barth\/#breadcrumb"},"inLanguage":"fr-FR","potentialAction":[{"@type":"ReadAction","target":["https:\/\/www.mauricecarrental.com\/fr\/visiter-saint-barthelemy\/quel-voiture-louer-st-barth\/"]}]},{"@type":"ImageObject","inLanguage":"fr-FR","@id":"https:\/\/www.mauricecarrental.com\/fr\/visiter-saint-barthelemy\/quel-voiture-louer-st-barth\/#primaryimage","url":"https:\/\/www.mauricecarrental.com\/wp-content\/uploads\/2022\/08\/location-cabriolet-st-barth.jpg","contentUrl":"https:\/\/www.mauricecarrental.com\/wp-content\/uploads\/2022\/08\/location-cabriolet-st-barth.jpg"},{"@type":"BreadcrumbList","@id":"https:\/\/www.mauricecarrental.com\/fr\/visiter-saint-barthelemy\/quel-voiture-louer-st-barth\/#breadcrumb","itemListElement":[{"@type":"ListItem","position":1,"name":"Home","item":"https:\/\/www.mauricecarrental.com\/fr\/"},{"@type":"ListItem","position":2,"name":"visiter Saint Barth\u00e9lemy","item":"https:\/\/www.mauricecarrental.com\/fr\/visiter-saint-barthelemy\/"},{"@type":"ListItem","position":3,"name":"quel voiture louer st barth"}]},{"@type":"WebSite","@id":"https:\/\/www.mauricecarrental.com\/fr\/#website","url":"https:\/\/www.mauricecarrental.com\/fr\/","name":"Maurice Car Rental","description":"","publisher":{"@id":"https:\/\/www.mauricecarrental.com\/fr\/#organization"},"potentialAction":[{"@type":"SearchAction","target":{"@type":"EntryPoint","urlTemplate":"https:\/\/www.mauricecarrental.com\/fr\/?s={search_term_string}"},"query-input":{"@type":"PropertyValueSpecification","valueRequired":true,"valueName":"search_term_string"}}],"inLanguage":"fr-FR"},{"@type":"Organization","@id":"https:\/\/www.mauricecarrental.com\/fr\/#organization","name":"Maurice Car Rental","url":"https:\/\/www.mauricecarrental.com\/fr\/","logo":{"@type":"ImageObject","inLanguage":"fr-FR","@id":"https:\/\/www.mauricecarrental.com\/fr\/#\/schema\/logo\/image\/","url":"https:\/\/www.mauricecarrental.com\/wp-content\/uploads\/2015\/07\/logo.jpg","contentUrl":"https:\/\/www.mauricecarrental.com\/wp-content\/uploads\/2015\/07\/logo.jpg","width":206,"height":58,"caption":"Maurice Car Rental"},"image":{"@id":"https:\/\/www.mauricecarrental.com\/fr\/#\/schema\/logo\/image\/"},"sameAs":["https:\/\/www.facebook.com\/mauricecarrental\/","https:\/\/www.instagram.com\/mauricecar.rental.stbarth\/?hl=en"]}]}},"_links":{"self":[{"href":"https:\/\/www.mauricecarrental.com\/fr\/wp-json\/wp\/v2\/pages\/1445","targetHints":{"allow":["GET"]}}],"collection":[{"href":"https:\/\/www.mauricecarrental.com\/fr\/wp-json\/wp\/v2\/pages"}],"about":[{"href":"https:\/\/www.mauricecarrental.com\/fr\/wp-json\/wp\/v2\/types\/page"}],"author":[{"embeddable":true,"href":"https:\/\/www.mauricecarrental.com\/fr\/wp-json\/wp\/v2\/users\/6"}],"replies":[{"embeddable":true,"href":"https:\/\/www.mauricecarrental.com\/fr\/wp-json\/wp\/v2\/comments?post=1445"}],"version-history":[{"count":5,"href":"https:\/\/www.mauricecarrental.com\/fr\/wp-json\/wp\/v2\/pages\/1445\/revisions"}],"predecessor-version":[{"id":1828,"href":"https:\/\/www.mauricecarrental.com\/fr\/wp-json\/wp\/v2\/pages\/1445\/revisions\/1828"}],"up":[{"embeddable":true,"href":"https:\/\/www.mauricecarrental.com\/fr\/wp-json\/wp\/v2\/pages\/1201"}],"wp:attachment":[{"href":"https:\/\/www.mauricecarrental.com\/fr\/wp-json\/wp\/v2\/media?parent=1445"}],"curies":[{"name":"wp","href":"https:\/\/api.w.org\/{rel}","templated":true}]}}