{"id":1464,"date":"2022-08-03T13:12:37","date_gmt":"2022-08-03T12:12:37","guid":{"rendered":"https:\/\/www.mauricecarrental.com\/?page_id=1464"},"modified":"2024-07-18T09:58:51","modified_gmt":"2024-07-18T08:58:51","slug":"prix-location-voiture-st-barth","status":"publish","type":"page","link":"https:\/\/www.mauricecarrental.com\/fr\/visiter-saint-barthelemy\/prix-location-voiture-st-barth\/","title":{"rendered":"prix voiture location"},"content":{"rendered":"<h1><span style=\"font-weight: 400;\">Combien co\u00fbte une location de voiture \u00e0 Saint-Barth\u00e9lemy ?<\/span><\/h1>\n<p>&nbsp;<\/p>\n<p><span style=\"font-weight: 400;\">La <\/span><b>location d\u2019une voiture<\/b><span style=\"font-weight: 400;\"> est la solution parfaite pour d\u00e9couvrir l\u2019\u00eele en toute autonomie. <\/span><b>Louer une voiture \u00e0 Saint-Barth<\/b><span style=\"font-weight: 400;\">, c\u2019est l\u2019assurance de voyager en totale libert\u00e9 pour se confectionner un s\u00e9jour sur mesure et unique. En plus de vous permettre d&rsquo;explorer les sites touristiques et <a href=\"https:\/\/www.mauricecarrental.com\/fr\/visiter-saint-barthelemy\/activite\/\">participer aux diff\u00e9rentes activit\u00e9s<\/a>, la location d&rsquo;une voiture offre \u00e9galement la flexibilit\u00e9 d&rsquo;acc\u00e9der \u00e0 diff\u00e9rents <a href=\"https:\/\/www.mauricecarrental.com\/fr\/visiter-saint-barthelemy\/logement\/\">h\u00e9bergements de l&rsquo;\u00eele<\/a>, qu&rsquo;il s&rsquo;agisse de <strong>luxueuses villas priv\u00e9es ou d&rsquo;h\u00f4tels renomm\u00e9s<\/strong>. Que vous souhaitiez explorer les<strong> plages paradisiaques<\/strong>, savourer la <strong>cuisine locale<\/strong> dans <a href=\"https:\/\/www.mauricecarrental.com\/fr\/visiter-saint-barthelemy\/restaurants\/\">les meilleurs restaurants<\/a> ou vous d\u00e9tendre dans un h\u00e9bergement de luxe, la location d&rsquo;une voiture vous permettra de <strong>vivre pleinement votre exp\u00e9rience<\/strong> \u00e0 Saint-Barth.<\/span><\/p>\n<p><a href=\"https:\/\/www.mauricecarrental.com\/wp-content\/uploads\/2022\/08\/prix-location-voiture-st-barth.jpg\"><img loading=\"lazy\" decoding=\"async\" class=\"aligncenter wp-image-1467 size-full\" src=\"https:\/\/www.mauricecarrental.com\/wp-content\/uploads\/2022\/08\/prix-location-voiture-st-barth.jpg\" alt=\"co\u00fbt location voiture saint barth\u00e9lemy\" width=\"1200\" height=\"800\" srcset=\"https:\/\/www.mauricecarrental.com\/wp-content\/uploads\/2022\/08\/prix-location-voiture-st-barth.jpg 1200w, https:\/\/www.mauricecarrental.com\/wp-content\/uploads\/2022\/08\/prix-location-voiture-st-barth-300x200.jpg 300w, https:\/\/www.mauricecarrental.com\/wp-content\/uploads\/2022\/08\/prix-location-voiture-st-barth-1024x683.jpg 1024w, https:\/\/www.mauricecarrental.com\/wp-content\/uploads\/2022\/08\/prix-location-voiture-st-barth-768x512.jpg 768w, https:\/\/www.mauricecarrental.com\/wp-content\/uploads\/2022\/08\/prix-location-voiture-st-barth-600x400.jpg 600w\" sizes=\"auto, (max-width: 1200px) 100vw, 1200px\" \/><\/a><\/p>\n<h2><span style=\"font-weight: 400;\">Quel est le prix moyen d&rsquo;une location de voiture \u00e0 St-Barth ?\u00a0<\/span><\/h2>\n<h3><span style=\"font-weight: 400;\">Prix d&rsquo;une location de voiture \u00e0 la journ\u00e9e \u00e0 St-Barth\u00a0<\/span><\/h3>\n<p><span style=\"font-weight: 400;\">Besoin de<\/span><b> louer une voiture<\/b><span style=\"font-weight: 400;\"> juste pour une <a href=\"https:\/\/www.mauricecarrental.com\/fr\/visiter-saint-barthelemy\/circuit\/\">excursion \u00e0 la journ\u00e9e<\/a> ? Vous aurez la possibilit\u00e9 de <\/span><b>louer un v\u00e9hicule <\/b><span style=\"font-weight: 400;\">seulement quelques heures pour adapter la location \u00e0 vos besoins. Le<\/span><b> prix d\u2019une location de voiture \u00e0 Saint-Barth\u00e9lemy <\/b><span style=\"font-weight: 400;\">pour une journ\u00e9e enti\u00e8re commence autour de 40 \u20ac et peut monter jusqu\u2019\u00e0 250 \u20ac en fonction du mod\u00e8le de v\u00e9hicule s\u00e9lectionn\u00e9. Plut\u00f4t SUV, voiture \u00e9lectrique, voiture familiale ou d\u00e9capotable ? Vous trouverez plusieurs <\/span><b>offres de v\u00e9hicules <\/b><span style=\"font-weight: 400;\">qui conviendront \u00e0 vos go\u00fbts, \u00e0 vos besoins mais aussi \u00e0 votre budget pour passer une journ\u00e9e inoubliable \u00e0 St-Barth.<\/span><\/p>\n<h3><span style=\"font-weight: 400;\">Co\u00fbt d&rsquo;une location de voiture pour 1 semaine \u00e0 St-Barth<\/span><\/h3>\n<p><span style=\"font-weight: 400;\">Pour un s\u00e9jour d\u2019une semaine \u00e0 Saint-Barth\u00e9lemy, <strong>plusieu<\/strong><strong>r<\/strong><strong>s mod\u00e8les de voiture<\/strong><\/span><span style=\"font-weight: 400;\">\u00a0vous seront propos\u00e9s \u00e0 la location. Pour plus de confort et pour gagner un maximum de temps durant votre visite, vous pourrez r\u00e9cup\u00e9rer votre <\/span><b>voiture de location \u00e0 l\u2019a\u00e9roport de Saint-Barth\u00e9lemy <\/b><span style=\"font-weight: 400;\">pour vous rendre \u00e0 votre logement ou h\u00f4tel. Nous pourrons \u00e9galement d\u00e9poser votre<\/span><b> voiture en centre-ville \u00e0 Gustavia<\/b><span style=\"font-weight: 400;\"> ou \u00e0 n\u2019importe quel autre endroit de l\u2019\u00eele pour <a href=\"https:\/\/www.mauricecarrental.com\/fr\/visiter-saint-barthelemy\/se-deplacer-st-barth\/\" target=\"_blank\" rel=\"noopener\">faciliter vos d\u00e9placements<\/a>. Le <\/span><b>co\u00fbt d\u2019une location \u00e0 Saint-Barth\u00e9lemy <\/b><span style=\"font-weight: 400;\">pour une semaine s\u2019\u00e9l\u00e8ve \u00e0 324 \u20ac minimum jusqu\u2019\u00e0 2 000 \u20ac.\u00a0<\/span><\/p>\n<h3><span style=\"font-weight: 400;\">Prix d&rsquo;une location de voiture pour 1 mois \u00e0 St-Barth<\/span><\/h3>\n<p><span style=\"font-weight: 400;\">Pour un s\u00e9jour d&rsquo;un mois \u00e0 Saint-Barth\u00e9lemy, la <\/span><b>voiture de location<\/b><span style=\"font-weight: 400;\"> devient indispensable pour se d\u00e9placer facilement et quand on le souhaite. Avec nos <\/span><b>agences Maurice Car Renta<\/b><span style=\"font-weight: 400;\"><strong>l<\/strong>, vous trouverez un <\/span><a href=\"https:\/\/www.mauricecarrental.com\/fr\/visiter-saint-barthelemy\/quel-voiture-louer-st-barth\/\">large choix de v\u00e9hicules de location<\/a><span style=\"font-weight: 400;\"> de l\u2019offre standard aux offres de collection et de luxe. En fonction du mod\u00e8le s\u00e9lectionn\u00e9, le <\/span><b>prix d\u2019une location de voiture \u00e0 Saint-Barth\u00e9lemy <\/b><span style=\"font-weight: 400;\">durant 1 mois commence aux alentours de 1 300 \u20ac jusqu\u2019\u00e0 8 000 \u20ac.<\/span><\/p>\n<p>&nbsp;<\/p>\n<p><a href=\"https:\/\/www.mauricecarrental.com\/wp-content\/uploads\/2022\/08\/cout-location-voiture-st-barth.jpg\"><img loading=\"lazy\" decoding=\"async\" class=\"aligncenter wp-image-1465 size-full\" src=\"https:\/\/www.mauricecarrental.com\/wp-content\/uploads\/2022\/08\/cout-location-voiture-st-barth.jpg\" alt=\"\" width=\"1200\" height=\"674\" srcset=\"https:\/\/www.mauricecarrental.com\/wp-content\/uploads\/2022\/08\/cout-location-voiture-st-barth.jpg 1200w, https:\/\/www.mauricecarrental.com\/wp-content\/uploads\/2022\/08\/cout-location-voiture-st-barth-300x169.jpg 300w, https:\/\/www.mauricecarrental.com\/wp-content\/uploads\/2022\/08\/cout-location-voiture-st-barth-1024x575.jpg 1024w, https:\/\/www.mauricecarrental.com\/wp-content\/uploads\/2022\/08\/cout-location-voiture-st-barth-768x431.jpg 768w\" sizes=\"auto, (max-width: 1200px) 100vw, 1200px\" \/><\/a><\/p>\n<h2><span style=\"font-weight: 400;\">Pourquoi louer une voiture \u00e0 St-Barth ?\u00a0<\/span><\/h2>\n<h3><span style=\"font-weight: 400;\">Se d\u00e9placer \u00e0 St-Barth\u00a0<\/span><\/h3>\n<p><span style=\"font-weight: 400;\">Les transports en commun \u00e9tant tr\u00e8s limit\u00e9s et sans lignes r\u00e9guli\u00e8res \u00e0 Saint-Barth, avoir son propre v\u00e9hicule est indispensable si l\u2019on veut <\/span><a href=\"https:\/\/www.mauricecarrental.com\/fr\/visiter-saint-barthelemy\/\" target=\"_blank\" rel=\"noopener\"><b>visiter toute l\u2019\u00eele<\/b><\/a><span style=\"font-weight: 400;\">. Gr\u00e2ce \u00e0 votre <\/span><b>location de voiture<\/b><span style=\"font-weight: 400;\">, vous pourrez aussi bien aller en plein centre de Gustavia que dans des zones moins fr\u00e9quent\u00e9es o\u00f9 eau turquoise et v\u00e9g\u00e9tation luxuriante seront au rendez-vous.<\/span><\/p>\n<h3><span style=\"font-weight: 400;\">Que faire \u00e0 St-Barth : visites et activit\u00e9s sur l&rsquo;\u00eele<\/span><\/h3>\n<p><span style=\"font-weight: 400;\">Bien s\u00fbr, quand on parle des Cara\u00efbes, c\u2019est bien aux somptueuses plages de sable blanc qu\u2019on pense en premier. Sur <\/span><b>l\u2019\u00eele de Saint-Barth<\/b><span style=\"font-weight: 400;\">, ces magnifiques plages ne manqueront pas ! Certaines plus anim\u00e9es et d\u2019autres plus calmes ou sauvages, vous aurez l\u2019embarras du choix pour fl\u00e2ner, nager, faire du bateau et m\u00eame du surf. Vous pourrez prendre la route pour visiter tous ces petits coins de paradis, mais aussi pour profiter de la vie nocturne, des bars et restaurants incontournables de <\/span><b>Saint-Barth<\/b><span style=\"font-weight: 400;\">.<\/span><\/p>\n","protected":false},"excerpt":{"rendered":"<p>Combien co\u00fbte une location de voiture \u00e0 Saint-Barth\u00e9lemy ? &nbsp; La location d\u2019une voiture est la solution parfaite pour d\u00e9couvrir l\u2019\u00eele en toute autonomie. Louer une voiture \u00e0 Saint-Barth, c\u2019est l\u2019assurance de voyager en totale libert\u00e9 pour se confectionner un s\u00e9jour sur mesure et unique. En plus de vous permettre d&rsquo;explorer les sites touristiques et [&hellip;]<\/p>\n","protected":false},"author":6,"featured_media":0,"parent":1201,"menu_order":0,"comment_status":"closed","ping_status":"closed","template":"template-texte.php","meta":{"_acf_changed":false,"footnotes":""},"class_list":["post-1464","page","type-page","status-publish","hentry"],"acf":[],"yoast_head":"<!-- This site is optimized with the Yoast SEO plugin v26.8 - https:\/\/yoast.com\/product\/yoast-seo-wordpress\/ -->\n<title>Prix Location Voiture Saint Barth : Guide Complet des Co\u00fbts<\/title>\n<meta name=\"description\" content=\"Louer une voiture \u00e0 Saint Barth peut varier selon les types de v\u00e9hicules disponibles : d\u00e9couvrez notre large gamme de v\u00e9hicules \u00e0 prix comp\u00e9titifs !\" \/>\n<meta name=\"robots\" content=\"index, follow, max-snippet:-1, max-image-preview:large, max-video-preview:-1\" \/>\n<link rel=\"canonical\" href=\"https:\/\/www.mauricecarrental.com\/fr\/visiter-saint-barthelemy\/prix-location-voiture-st-barth\/\" \/>\n<meta property=\"og:locale\" content=\"fr_FR\" \/>\n<meta property=\"og:type\" content=\"article\" \/>\n<meta property=\"og:title\" content=\"Prix Location Voiture Saint Barth : Guide Complet des Co\u00fbts\" \/>\n<meta property=\"og:description\" content=\"Louer une voiture \u00e0 Saint Barth peut varier selon les types de v\u00e9hicules disponibles : d\u00e9couvrez notre large gamme de v\u00e9hicules \u00e0 prix comp\u00e9titifs !\" \/>\n<meta property=\"og:url\" content=\"https:\/\/www.mauricecarrental.com\/fr\/visiter-saint-barthelemy\/prix-location-voiture-st-barth\/\" \/>\n<meta property=\"og:site_name\" content=\"Maurice Car Rental\" \/>\n<meta property=\"article:publisher\" content=\"https:\/\/www.facebook.com\/mauricecarrental\/\" \/>\n<meta property=\"article:modified_time\" content=\"2024-07-18T08:58:51+00:00\" \/>\n<meta property=\"og:image\" content=\"https:\/\/www.mauricecarrental.com\/wp-content\/uploads\/2022\/08\/prix-location-voiture-st-barth.jpg\" \/>\n<meta name=\"twitter:card\" content=\"summary_large_image\" \/>\n<meta name=\"twitter:label1\" content=\"Dur\u00e9e de lecture estim\u00e9e\" \/>\n\t<meta name=\"twitter:data1\" content=\"3 minutes\" \/>\n<script type=\"application\/ld+json\" class=\"yoast-schema-graph\">{\"@context\":\"https:\/\/schema.org\",\"@graph\":[{\"@type\":\"WebPage\",\"@id\":\"https:\/\/www.mauricecarrental.com\/fr\/visiter-saint-barthelemy\/prix-location-voiture-st-barth\/\",\"url\":\"https:\/\/www.mauricecarrental.com\/fr\/visiter-saint-barthelemy\/prix-location-voiture-st-barth\/\",\"name\":\"Prix Location Voiture Saint Barth : Guide Complet des Co\u00fbts\",\"isPartOf\":{\"@id\":\"https:\/\/www.mauricecarrental.com\/fr\/#website\"},\"primaryImageOfPage\":{\"@id\":\"https:\/\/www.mauricecarrental.com\/fr\/visiter-saint-barthelemy\/prix-location-voiture-st-barth\/#primaryimage\"},\"image\":{\"@id\":\"https:\/\/www.mauricecarrental.com\/fr\/visiter-saint-barthelemy\/prix-location-voiture-st-barth\/#primaryimage\"},\"thumbnailUrl\":\"https:\/\/www.mauricecarrental.com\/wp-content\/uploads\/2022\/08\/prix-location-voiture-st-barth.jpg\",\"datePublished\":\"2022-08-03T12:12:37+00:00\",\"dateModified\":\"2024-07-18T08:58:51+00:00\",\"description\":\"Louer une voiture \u00e0 Saint Barth peut varier selon les types de v\u00e9hicules disponibles : d\u00e9couvrez notre large gamme de v\u00e9hicules \u00e0 prix comp\u00e9titifs !\",\"breadcrumb\":{\"@id\":\"https:\/\/www.mauricecarrental.com\/fr\/visiter-saint-barthelemy\/prix-location-voiture-st-barth\/#breadcrumb\"},\"inLanguage\":\"fr-FR\",\"potentialAction\":[{\"@type\":\"ReadAction\",\"target\":[\"https:\/\/www.mauricecarrental.com\/fr\/visiter-saint-barthelemy\/prix-location-voiture-st-barth\/\"]}]},{\"@type\":\"ImageObject\",\"inLanguage\":\"fr-FR\",\"@id\":\"https:\/\/www.mauricecarrental.com\/fr\/visiter-saint-barthelemy\/prix-location-voiture-st-barth\/#primaryimage\",\"url\":\"https:\/\/www.mauricecarrental.com\/wp-content\/uploads\/2022\/08\/prix-location-voiture-st-barth.jpg\",\"contentUrl\":\"https:\/\/www.mauricecarrental.com\/wp-content\/uploads\/2022\/08\/prix-location-voiture-st-barth.jpg\"},{\"@type\":\"BreadcrumbList\",\"@id\":\"https:\/\/www.mauricecarrental.com\/fr\/visiter-saint-barthelemy\/prix-location-voiture-st-barth\/#breadcrumb\",\"itemListElement\":[{\"@type\":\"ListItem\",\"position\":1,\"name\":\"Home\",\"item\":\"https:\/\/www.mauricecarrental.com\/fr\/\"},{\"@type\":\"ListItem\",\"position\":2,\"name\":\"visiter Saint Barth\u00e9lemy\",\"item\":\"https:\/\/www.mauricecarrental.com\/fr\/visiter-saint-barthelemy\/\"},{\"@type\":\"ListItem\",\"position\":3,\"name\":\"prix voiture location\"}]},{\"@type\":\"WebSite\",\"@id\":\"https:\/\/www.mauricecarrental.com\/fr\/#website\",\"url\":\"https:\/\/www.mauricecarrental.com\/fr\/\",\"name\":\"Maurice Car Rental\",\"description\":\"\",\"publisher\":{\"@id\":\"https:\/\/www.mauricecarrental.com\/fr\/#organization\"},\"potentialAction\":[{\"@type\":\"SearchAction\",\"target\":{\"@type\":\"EntryPoint\",\"urlTemplate\":\"https:\/\/www.mauricecarrental.com\/fr\/?s={search_term_string}\"},\"query-input\":{\"@type\":\"PropertyValueSpecification\",\"valueRequired\":true,\"valueName\":\"search_term_string\"}}],\"inLanguage\":\"fr-FR\"},{\"@type\":\"Organization\",\"@id\":\"https:\/\/www.mauricecarrental.com\/fr\/#organization\",\"name\":\"Maurice Car Rental\",\"url\":\"https:\/\/www.mauricecarrental.com\/fr\/\",\"logo\":{\"@type\":\"ImageObject\",\"inLanguage\":\"fr-FR\",\"@id\":\"https:\/\/www.mauricecarrental.com\/fr\/#\/schema\/logo\/image\/\",\"url\":\"https:\/\/www.mauricecarrental.com\/wp-content\/uploads\/2015\/07\/logo.jpg\",\"contentUrl\":\"https:\/\/www.mauricecarrental.com\/wp-content\/uploads\/2015\/07\/logo.jpg\",\"width\":206,\"height\":58,\"caption\":\"Maurice Car Rental\"},\"image\":{\"@id\":\"https:\/\/www.mauricecarrental.com\/fr\/#\/schema\/logo\/image\/\"},\"sameAs\":[\"https:\/\/www.facebook.com\/mauricecarrental\/\",\"https:\/\/www.instagram.com\/mauricecar.rental.stbarth\/?hl=en\"]}]}<\/script>\n<!-- \/ Yoast SEO plugin. -->","yoast_head_json":{"title":"Prix Location Voiture Saint Barth : Guide Complet des Co\u00fbts","description":"Louer une voiture \u00e0 Saint Barth peut varier selon les types de v\u00e9hicules disponibles : d\u00e9couvrez notre large gamme de v\u00e9hicules \u00e0 prix comp\u00e9titifs !","robots":{"index":"index","follow":"follow","max-snippet":"max-snippet:-1","max-image-preview":"max-image-preview:large","max-video-preview":"max-video-preview:-1"},"canonical":"https:\/\/www.mauricecarrental.com\/fr\/visiter-saint-barthelemy\/prix-location-voiture-st-barth\/","og_locale":"fr_FR","og_type":"article","og_title":"Prix Location Voiture Saint Barth : Guide Complet des Co\u00fbts","og_description":"Louer une voiture \u00e0 Saint Barth peut varier selon les types de v\u00e9hicules disponibles : d\u00e9couvrez notre large gamme de v\u00e9hicules \u00e0 prix comp\u00e9titifs !","og_url":"https:\/\/www.mauricecarrental.com\/fr\/visiter-saint-barthelemy\/prix-location-voiture-st-barth\/","og_site_name":"Maurice Car Rental","article_publisher":"https:\/\/www.facebook.com\/mauricecarrental\/","article_modified_time":"2024-07-18T08:58:51+00:00","og_image":[{"url":"https:\/\/www.mauricecarrental.com\/wp-content\/uploads\/2022\/08\/prix-location-voiture-st-barth.jpg","type":"","width":"","height":""}],"twitter_card":"summary_large_image","twitter_misc":{"Dur\u00e9e de lecture estim\u00e9e":"3 minutes"},"schema":{"@context":"https:\/\/schema.org","@graph":[{"@type":"WebPage","@id":"https:\/\/www.mauricecarrental.com\/fr\/visiter-saint-barthelemy\/prix-location-voiture-st-barth\/","url":"https:\/\/www.mauricecarrental.com\/fr\/visiter-saint-barthelemy\/prix-location-voiture-st-barth\/","name":"Prix Location Voiture Saint Barth : Guide Complet des Co\u00fbts","isPartOf":{"@id":"https:\/\/www.mauricecarrental.com\/fr\/#website"},"primaryImageOfPage":{"@id":"https:\/\/www.mauricecarrental.com\/fr\/visiter-saint-barthelemy\/prix-location-voiture-st-barth\/#primaryimage"},"image":{"@id":"https:\/\/www.mauricecarrental.com\/fr\/visiter-saint-barthelemy\/prix-location-voiture-st-barth\/#primaryimage"},"thumbnailUrl":"https:\/\/www.mauricecarrental.com\/wp-content\/uploads\/2022\/08\/prix-location-voiture-st-barth.jpg","datePublished":"2022-08-03T12:12:37+00:00","dateModified":"2024-07-18T08:58:51+00:00","description":"Louer une voiture \u00e0 Saint Barth peut varier selon les types de v\u00e9hicules disponibles : d\u00e9couvrez notre large gamme de v\u00e9hicules \u00e0 prix comp\u00e9titifs !","breadcrumb":{"@id":"https:\/\/www.mauricecarrental.com\/fr\/visiter-saint-barthelemy\/prix-location-voiture-st-barth\/#breadcrumb"},"inLanguage":"fr-FR","potentialAction":[{"@type":"ReadAction","target":["https:\/\/www.mauricecarrental.com\/fr\/visiter-saint-barthelemy\/prix-location-voiture-st-barth\/"]}]},{"@type":"ImageObject","inLanguage":"fr-FR","@id":"https:\/\/www.mauricecarrental.com\/fr\/visiter-saint-barthelemy\/prix-location-voiture-st-barth\/#primaryimage","url":"https:\/\/www.mauricecarrental.com\/wp-content\/uploads\/2022\/08\/prix-location-voiture-st-barth.jpg","contentUrl":"https:\/\/www.mauricecarrental.com\/wp-content\/uploads\/2022\/08\/prix-location-voiture-st-barth.jpg"},{"@type":"BreadcrumbList","@id":"https:\/\/www.mauricecarrental.com\/fr\/visiter-saint-barthelemy\/prix-location-voiture-st-barth\/#breadcrumb","itemListElement":[{"@type":"ListItem","position":1,"name":"Home","item":"https:\/\/www.mauricecarrental.com\/fr\/"},{"@type":"ListItem","position":2,"name":"visiter Saint Barth\u00e9lemy","item":"https:\/\/www.mauricecarrental.com\/fr\/visiter-saint-barthelemy\/"},{"@type":"ListItem","position":3,"name":"prix voiture location"}]},{"@type":"WebSite","@id":"https:\/\/www.mauricecarrental.com\/fr\/#website","url":"https:\/\/www.mauricecarrental.com\/fr\/","name":"Maurice Car Rental","description":"","publisher":{"@id":"https:\/\/www.mauricecarrental.com\/fr\/#organization"},"potentialAction":[{"@type":"SearchAction","target":{"@type":"EntryPoint","urlTemplate":"https:\/\/www.mauricecarrental.com\/fr\/?s={search_term_string}"},"query-input":{"@type":"PropertyValueSpecification","valueRequired":true,"valueName":"search_term_string"}}],"inLanguage":"fr-FR"},{"@type":"Organization","@id":"https:\/\/www.mauricecarrental.com\/fr\/#organization","name":"Maurice Car Rental","url":"https:\/\/www.mauricecarrental.com\/fr\/","logo":{"@type":"ImageObject","inLanguage":"fr-FR","@id":"https:\/\/www.mauricecarrental.com\/fr\/#\/schema\/logo\/image\/","url":"https:\/\/www.mauricecarrental.com\/wp-content\/uploads\/2015\/07\/logo.jpg","contentUrl":"https:\/\/www.mauricecarrental.com\/wp-content\/uploads\/2015\/07\/logo.jpg","width":206,"height":58,"caption":"Maurice Car Rental"},"image":{"@id":"https:\/\/www.mauricecarrental.com\/fr\/#\/schema\/logo\/image\/"},"sameAs":["https:\/\/www.facebook.com\/mauricecarrental\/","https:\/\/www.instagram.com\/mauricecar.rental.stbarth\/?hl=en"]}]}},"_links":{"self":[{"href":"https:\/\/www.mauricecarrental.com\/fr\/wp-json\/wp\/v2\/pages\/1464","targetHints":{"allow":["GET"]}}],"collection":[{"href":"https:\/\/www.mauricecarrental.com\/fr\/wp-json\/wp\/v2\/pages"}],"about":[{"href":"https:\/\/www.mauricecarrental.com\/fr\/wp-json\/wp\/v2\/types\/page"}],"author":[{"embeddable":true,"href":"https:\/\/www.mauricecarrental.com\/fr\/wp-json\/wp\/v2\/users\/6"}],"replies":[{"embeddable":true,"href":"https:\/\/www.mauricecarrental.com\/fr\/wp-json\/wp\/v2\/comments?post=1464"}],"version-history":[{"count":4,"href":"https:\/\/www.mauricecarrental.com\/fr\/wp-json\/wp\/v2\/pages\/1464\/revisions"}],"predecessor-version":[{"id":1826,"href":"https:\/\/www.mauricecarrental.com\/fr\/wp-json\/wp\/v2\/pages\/1464\/revisions\/1826"}],"up":[{"embeddable":true,"href":"https:\/\/www.mauricecarrental.com\/fr\/wp-json\/wp\/v2\/pages\/1201"}],"wp:attachment":[{"href":"https:\/\/www.mauricecarrental.com\/fr\/wp-json\/wp\/v2\/media?parent=1464"}],"curies":[{"name":"wp","href":"https:\/\/api.w.org\/{rel}","templated":true}]}}