{"id":284,"date":"2015-05-13T16:44:07","date_gmt":"2015-05-13T15:44:07","guid":{"rendered":"https:\/\/www.mauricecarrental.com\/about-us-2\/"},"modified":"2024-06-26T14:24:35","modified_gmt":"2024-06-26T13:24:35","slug":"agence","status":"publish","type":"page","link":"https:\/\/www.mauricecarrental.com\/fr\/agence\/","title":{"rendered":"Agence de location de v\u00e9hicules \u00e0 Saint Barth\u00e9lemy"},"content":{"rendered":"<h2>Agence de location de v\u00e9hicules \u00e0 Saint Barth\u00e9lemy<\/h2>\n<p>N\u00e9 \u00e0 Saint Barth\u00e9lemy, Francis Questel est le g\u00e9rant de Maurice Car Rental et vous conseille pour rencontrer la culture locale dans un contact amical et naturel. Notre agence de location dispose de plus de 35 ann\u00e9es d\u2019activit\u00e9 dans le secteur de la location de v\u00e9hicules, voitures de luxe, scooters et quads \u00e0 St Barth. Entreprise familiale, Maurice Car rental propose un accueil amical et bienveillant, notre but \u00e9tant la satisfaction client.<\/p>\n<h2>Location de voitures \u00e0 Saint Barth<\/h2>\n<p>Nous nous effor\u00e7ons de rendre votre s\u00e9jour touristique aussi plaisant que possible sur les routes de St Barth\u00e9lemy que sur ses sites naturels fabuleux. Nos voitures disposent de multiples possibilit\u00e9s, telles que les toits d\u00e9capotables, b\u00e2ch\u00e9s ou toil\u00e9s.\u00a0Pour une<a href=\"https:\/\/www.mauricecarrental.com\/fr\/\"> location de voiture \u00e0 St Barth<\/a>, les touristes seuls, couples, familles ou groupes obtiendront le v\u00e9hicule qui correspond \u00e0 leurs besoins en mati\u00e8re d\u2019espace, de confort ou de marque. Nos v\u00e9hicules de location r\u00e9unissent toutes les obligations r\u00e9glementaires en terme de fiabilit\u00e9, pour garantir un s\u00e9jour de tranquillit\u00e9, sans souci de la m\u00e9canique et de l\u2019entretien.<\/p>\n<h2>Notre flotte de v\u00e9hicules \u00e0 la location<\/h2>\n<p>Nous proposons des mod\u00e8les de voiture sp\u00e9cifiques aux conditions de St Barth, qui autorise l\u2019acc\u00e8s aux terres les plus vari\u00e9es (sable, bitume, rocaille, boue&#8230; ).\u00a0L\u2019agence Mauricecarrental choisit ses v\u00e9hicules de fa\u00e7on \u00e0 garantir le plaisir de conduire de chaque touriste. C\u2019est pourquoi nous disposons d\u2019un large choix d\u2019automobiles, de la plus luxueuse \u00e0 la plus simple.<\/p>\n<h3>Notre flotte de v\u00e9hicules \u00e0 la location se constitue de :<\/h3>\n<p>&#8211; v\u00e9hicules standards comme des citadines ou voitures compactes<br \/>\n&#8211; v\u00e9hicules de luxe et de prestige comme des Porsche<br \/>\n&#8211; v\u00e9hicules convertibles comme la Mini Cooper Convertible<\/p>\n<h2>Service de location de voiture sur mesure et personnalis\u00e9<\/h2>\n<p>Nous proposons des voitures modernes et \u00e9quip\u00e9es de diff\u00e9rents \u00e9quipements, selon les exigences de chacun des arrivants sur la location de voiture St Barth. Notre \u00e9quipe peut mettre \u00e0 disposition votre v\u00e9hicule en tout endroit de l\u2019\u00eele, sans frais suppl\u00e9mentaires (h\u00f4tel, port, villa. ). Quelle que soit votre langue ou votre compagnie de transport, 24h\/24 7j\/7, nous proposons un service personnalis\u00e9 autour des locations de voitures \u00e0 St Barth. Nous restons au service des conducteurs \u00e0 tout moment en cas de panne m\u00e9canique ou d\u2019un quelconque ennui survenu sur une automobile. Nos bureaux sont ouverts entre 8h et 18h, toute l\u2019ann\u00e9e. Pour votre venue \u00e0 Saint Barth\u00e9lemy, nous serons heureux de vous orienter sur les bonnes adresses et les meilleurs sites pour un d\u00e9paysement total. Nos prix attractifs et notre s\u00e9rieux font de Maurice Car Rental un loueur reconnu parmi les multiples acteurs touristiques pr\u00e9sents sur l\u2019\u00eele (locations de voitures \u00e0 St Barth et autres).<\/p>\n<h2>Louer une voiture \u00e0 l&rsquo;a\u00e9roport de Saint Barth\u00e9lemy<\/h2>\n<p>Notre soci\u00e9t\u00e9 est strat\u00e9giquement situ\u00e9e sur l\u2019a\u00e9roport de Saint Barth, vous fournissant ainsi une voiture ou voiture de luxe \u00e0 disposition d\u00e8s votre arriv\u00e9e. Les formalit\u00e9s administratives sur la location de voiture \u00e0 St Bart sont effectu\u00e9es en quelques minutes, sans surprises ou complications inutiles.<\/p>\n","protected":false},"excerpt":{"rendered":"<p>Agence de location de v\u00e9hicules \u00e0 Saint Barth\u00e9lemy N\u00e9 \u00e0 Saint Barth\u00e9lemy, Francis Questel est le g\u00e9rant de Maurice Car Rental et vous conseille pour rencontrer la culture locale dans un contact amical et naturel. Notre agence de location dispose de plus de 35 ann\u00e9es d\u2019activit\u00e9 dans le secteur de la location de v\u00e9hicules, voitures [&hellip;]<\/p>\n","protected":false},"author":1,"featured_media":0,"parent":0,"menu_order":1,"comment_status":"open","ping_status":"open","template":"","meta":{"_acf_changed":false,"footnotes":""},"class_list":["post-284","page","type-page","status-publish","hentry"],"acf":[],"yoast_head":"<!-- This site is optimized with the Yoast SEO plugin v26.8 - https:\/\/yoast.com\/product\/yoast-seo-wordpress\/ -->\n<title>Agence Location Voiture Saint Barth - Maurice Car Rental<\/title>\n<meta name=\"description\" content=\"D\u00e9couvrez Maurice Car Rental, sp\u00e9cialiste de la location de voitures \u00e0 Saint Barth\u00e9lemy. R\u00e9servez votre v\u00e9hicule pour explorer l&#039;\u00eele d\u00e8s maintenant !\" \/>\n<meta name=\"robots\" content=\"index, follow, max-snippet:-1, max-image-preview:large, max-video-preview:-1\" \/>\n<link rel=\"canonical\" href=\"https:\/\/www.mauricecarrental.com\/fr\/agence\/\" \/>\n<meta property=\"og:locale\" content=\"fr_FR\" \/>\n<meta property=\"og:type\" content=\"article\" \/>\n<meta property=\"og:title\" content=\"Agence Location Voiture Saint Barth - Maurice Car Rental\" \/>\n<meta property=\"og:description\" content=\"D\u00e9couvrez Maurice Car Rental, sp\u00e9cialiste de la location de voitures \u00e0 Saint Barth\u00e9lemy. R\u00e9servez votre v\u00e9hicule pour explorer l&#039;\u00eele d\u00e8s maintenant !\" \/>\n<meta property=\"og:url\" content=\"https:\/\/www.mauricecarrental.com\/fr\/agence\/\" \/>\n<meta property=\"og:site_name\" content=\"Maurice Car Rental\" \/>\n<meta property=\"article:publisher\" content=\"https:\/\/www.facebook.com\/mauricecarrental\/\" \/>\n<meta property=\"article:modified_time\" content=\"2024-06-26T13:24:35+00:00\" \/>\n<meta name=\"twitter:card\" content=\"summary_large_image\" \/>\n<meta name=\"twitter:label1\" content=\"Dur\u00e9e de lecture estim\u00e9e\" \/>\n\t<meta name=\"twitter:data1\" content=\"3 minutes\" \/>\n<script type=\"application\/ld+json\" class=\"yoast-schema-graph\">{\"@context\":\"https:\/\/schema.org\",\"@graph\":[{\"@type\":\"WebPage\",\"@id\":\"https:\/\/www.mauricecarrental.com\/fr\/agence\/\",\"url\":\"https:\/\/www.mauricecarrental.com\/fr\/agence\/\",\"name\":\"Agence Location Voiture Saint Barth - Maurice Car Rental\",\"isPartOf\":{\"@id\":\"https:\/\/www.mauricecarrental.com\/fr\/#website\"},\"datePublished\":\"2015-05-13T15:44:07+00:00\",\"dateModified\":\"2024-06-26T13:24:35+00:00\",\"description\":\"D\u00e9couvrez Maurice Car Rental, sp\u00e9cialiste de la location de voitures \u00e0 Saint Barth\u00e9lemy. R\u00e9servez votre v\u00e9hicule pour explorer l'\u00eele d\u00e8s maintenant !\",\"breadcrumb\":{\"@id\":\"https:\/\/www.mauricecarrental.com\/fr\/agence\/#breadcrumb\"},\"inLanguage\":\"fr-FR\",\"potentialAction\":[{\"@type\":\"ReadAction\",\"target\":[\"https:\/\/www.mauricecarrental.com\/fr\/agence\/\"]}]},{\"@type\":\"BreadcrumbList\",\"@id\":\"https:\/\/www.mauricecarrental.com\/fr\/agence\/#breadcrumb\",\"itemListElement\":[{\"@type\":\"ListItem\",\"position\":1,\"name\":\"Home\",\"item\":\"https:\/\/www.mauricecarrental.com\/fr\/\"},{\"@type\":\"ListItem\",\"position\":2,\"name\":\"Agence de location de v\u00e9hicules \u00e0 Saint Barth\u00e9lemy\"}]},{\"@type\":\"WebSite\",\"@id\":\"https:\/\/www.mauricecarrental.com\/fr\/#website\",\"url\":\"https:\/\/www.mauricecarrental.com\/fr\/\",\"name\":\"Maurice Car Rental\",\"description\":\"\",\"publisher\":{\"@id\":\"https:\/\/www.mauricecarrental.com\/fr\/#organization\"},\"potentialAction\":[{\"@type\":\"SearchAction\",\"target\":{\"@type\":\"EntryPoint\",\"urlTemplate\":\"https:\/\/www.mauricecarrental.com\/fr\/?s={search_term_string}\"},\"query-input\":{\"@type\":\"PropertyValueSpecification\",\"valueRequired\":true,\"valueName\":\"search_term_string\"}}],\"inLanguage\":\"fr-FR\"},{\"@type\":\"Organization\",\"@id\":\"https:\/\/www.mauricecarrental.com\/fr\/#organization\",\"name\":\"Maurice Car Rental\",\"url\":\"https:\/\/www.mauricecarrental.com\/fr\/\",\"logo\":{\"@type\":\"ImageObject\",\"inLanguage\":\"fr-FR\",\"@id\":\"https:\/\/www.mauricecarrental.com\/fr\/#\/schema\/logo\/image\/\",\"url\":\"https:\/\/www.mauricecarrental.com\/wp-content\/uploads\/2015\/07\/logo.jpg\",\"contentUrl\":\"https:\/\/www.mauricecarrental.com\/wp-content\/uploads\/2015\/07\/logo.jpg\",\"width\":206,\"height\":58,\"caption\":\"Maurice Car Rental\"},\"image\":{\"@id\":\"https:\/\/www.mauricecarrental.com\/fr\/#\/schema\/logo\/image\/\"},\"sameAs\":[\"https:\/\/www.facebook.com\/mauricecarrental\/\",\"https:\/\/www.instagram.com\/mauricecar.rental.stbarth\/?hl=en\"]}]}<\/script>\n<!-- \/ Yoast SEO plugin. -->","yoast_head_json":{"title":"Agence Location Voiture Saint Barth - Maurice Car Rental","description":"D\u00e9couvrez Maurice Car Rental, sp\u00e9cialiste de la location de voitures \u00e0 Saint Barth\u00e9lemy. R\u00e9servez votre v\u00e9hicule pour explorer l'\u00eele d\u00e8s maintenant !","robots":{"index":"index","follow":"follow","max-snippet":"max-snippet:-1","max-image-preview":"max-image-preview:large","max-video-preview":"max-video-preview:-1"},"canonical":"https:\/\/www.mauricecarrental.com\/fr\/agence\/","og_locale":"fr_FR","og_type":"article","og_title":"Agence Location Voiture Saint Barth - Maurice Car Rental","og_description":"D\u00e9couvrez Maurice Car Rental, sp\u00e9cialiste de la location de voitures \u00e0 Saint Barth\u00e9lemy. R\u00e9servez votre v\u00e9hicule pour explorer l'\u00eele d\u00e8s maintenant !","og_url":"https:\/\/www.mauricecarrental.com\/fr\/agence\/","og_site_name":"Maurice Car Rental","article_publisher":"https:\/\/www.facebook.com\/mauricecarrental\/","article_modified_time":"2024-06-26T13:24:35+00:00","twitter_card":"summary_large_image","twitter_misc":{"Dur\u00e9e de lecture estim\u00e9e":"3 minutes"},"schema":{"@context":"https:\/\/schema.org","@graph":[{"@type":"WebPage","@id":"https:\/\/www.mauricecarrental.com\/fr\/agence\/","url":"https:\/\/www.mauricecarrental.com\/fr\/agence\/","name":"Agence Location Voiture Saint Barth - Maurice Car Rental","isPartOf":{"@id":"https:\/\/www.mauricecarrental.com\/fr\/#website"},"datePublished":"2015-05-13T15:44:07+00:00","dateModified":"2024-06-26T13:24:35+00:00","description":"D\u00e9couvrez Maurice Car Rental, sp\u00e9cialiste de la location de voitures \u00e0 Saint Barth\u00e9lemy. R\u00e9servez votre v\u00e9hicule pour explorer l'\u00eele d\u00e8s maintenant !","breadcrumb":{"@id":"https:\/\/www.mauricecarrental.com\/fr\/agence\/#breadcrumb"},"inLanguage":"fr-FR","potentialAction":[{"@type":"ReadAction","target":["https:\/\/www.mauricecarrental.com\/fr\/agence\/"]}]},{"@type":"BreadcrumbList","@id":"https:\/\/www.mauricecarrental.com\/fr\/agence\/#breadcrumb","itemListElement":[{"@type":"ListItem","position":1,"name":"Home","item":"https:\/\/www.mauricecarrental.com\/fr\/"},{"@type":"ListItem","position":2,"name":"Agence de location de v\u00e9hicules \u00e0 Saint Barth\u00e9lemy"}]},{"@type":"WebSite","@id":"https:\/\/www.mauricecarrental.com\/fr\/#website","url":"https:\/\/www.mauricecarrental.com\/fr\/","name":"Maurice Car Rental","description":"","publisher":{"@id":"https:\/\/www.mauricecarrental.com\/fr\/#organization"},"potentialAction":[{"@type":"SearchAction","target":{"@type":"EntryPoint","urlTemplate":"https:\/\/www.mauricecarrental.com\/fr\/?s={search_term_string}"},"query-input":{"@type":"PropertyValueSpecification","valueRequired":true,"valueName":"search_term_string"}}],"inLanguage":"fr-FR"},{"@type":"Organization","@id":"https:\/\/www.mauricecarrental.com\/fr\/#organization","name":"Maurice Car Rental","url":"https:\/\/www.mauricecarrental.com\/fr\/","logo":{"@type":"ImageObject","inLanguage":"fr-FR","@id":"https:\/\/www.mauricecarrental.com\/fr\/#\/schema\/logo\/image\/","url":"https:\/\/www.mauricecarrental.com\/wp-content\/uploads\/2015\/07\/logo.jpg","contentUrl":"https:\/\/www.mauricecarrental.com\/wp-content\/uploads\/2015\/07\/logo.jpg","width":206,"height":58,"caption":"Maurice Car Rental"},"image":{"@id":"https:\/\/www.mauricecarrental.com\/fr\/#\/schema\/logo\/image\/"},"sameAs":["https:\/\/www.facebook.com\/mauricecarrental\/","https:\/\/www.instagram.com\/mauricecar.rental.stbarth\/?hl=en"]}]}},"_links":{"self":[{"href":"https:\/\/www.mauricecarrental.com\/fr\/wp-json\/wp\/v2\/pages\/284","targetHints":{"allow":["GET"]}}],"collection":[{"href":"https:\/\/www.mauricecarrental.com\/fr\/wp-json\/wp\/v2\/pages"}],"about":[{"href":"https:\/\/www.mauricecarrental.com\/fr\/wp-json\/wp\/v2\/types\/page"}],"author":[{"embeddable":true,"href":"https:\/\/www.mauricecarrental.com\/fr\/wp-json\/wp\/v2\/users\/1"}],"replies":[{"embeddable":true,"href":"https:\/\/www.mauricecarrental.com\/fr\/wp-json\/wp\/v2\/comments?post=284"}],"version-history":[{"count":2,"href":"https:\/\/www.mauricecarrental.com\/fr\/wp-json\/wp\/v2\/pages\/284\/revisions"}],"predecessor-version":[{"id":1630,"href":"https:\/\/www.mauricecarrental.com\/fr\/wp-json\/wp\/v2\/pages\/284\/revisions\/1630"}],"wp:attachment":[{"href":"https:\/\/www.mauricecarrental.com\/fr\/wp-json\/wp\/v2\/media?parent=284"}],"curies":[{"name":"wp","href":"https:\/\/api.w.org\/{rel}","templated":true}]}}