{"id":285,"date":"2015-05-13T16:44:28","date_gmt":"2015-05-13T15:44:28","guid":{"rendered":"https:\/\/www.mauricecarrental.com\/vehicules-2\/"},"modified":"2025-04-22T13:26:16","modified_gmt":"2025-04-22T12:26:16","slug":"vehicules","status":"publish","type":"page","link":"https:\/\/www.mauricecarrental.com\/fr\/vehicules\/","title":{"rendered":"V\u00e9hicules"},"content":{"rendered":"<h1>Location de voitures \u00e0 Saint Barthelemy<\/h1>\n<p><strong>Maurice Car Rental vous propose quatre cat\u00e9gories de voitures et v\u00e9hicules \u00e0 la location \u00e0 St Barth pour votre s\u00e9jour sur l\u2019\u00eele :<\/strong><\/p>\n<p>&#8211; Notre gamme \u00ab Standard\u00a0\u00bb propose des citadines, compactes, petits 4&#215;4 et Cabriolets.<br \/>\n&#8211; Avec la gamme \u00ab Collection et Luxe \u00bb, retrouvez le plaisir de conduire des v\u00e9hicules de prestige.<br \/>\n&#8211; Besoin d\u2019un v\u00e9hicule utilitaire, louez avec Maurice Car Rental.<\/p>\n<p><a class=\"onlinereservation\" title=\"online reservation\" href=\"#\">Reservez en ligne et b\u00e9n\u00e9ficiez d&rsquo;une meilleure r\u00e9duction !<\/a><\/p>\n<hr \/>\n<h2 style=\"text-align: center;\"><\/h2>\n","protected":false},"excerpt":{"rendered":"<p>Location de voitures \u00e0 Saint Barthelemy Maurice Car Rental vous propose quatre cat\u00e9gories de voitures et v\u00e9hicules \u00e0 la location \u00e0 St Barth pour votre s\u00e9jour sur l\u2019\u00eele : &#8211; Notre gamme \u00ab Standard\u00a0\u00bb propose des citadines, compactes, petits 4&#215;4 et Cabriolets. &#8211; Avec la gamme \u00ab Collection et Luxe \u00bb, retrouvez le plaisir de [&hellip;]<\/p>\n","protected":false},"author":1,"featured_media":1120,"parent":0,"menu_order":2,"comment_status":"open","ping_status":"open","template":"template-vehicule.php","meta":{"_acf_changed":false,"footnotes":""},"class_list":["post-285","page","type-page","status-publish","has-post-thumbnail","hentry"],"acf":[],"yoast_head":"<!-- This site is optimized with the Yoast SEO plugin v26.8 - https:\/\/yoast.com\/product\/yoast-seo-wordpress\/ -->\n<title>Location de Voiture Saint Barthelemy : D\u00e9couvrez notre Gamme<\/title>\n<meta name=\"description\" content=\"R\u00e9servez en ligne votre location de voiture \u00e0 Saint-Barth\u00e9lemy et d\u00e9couvrez notre large s\u00e9lection de voitures et 4x4 de luxe pour un s\u00e9jour inoubliable\" \/>\n<meta name=\"robots\" content=\"index, follow, max-snippet:-1, max-image-preview:large, max-video-preview:-1\" \/>\n<link rel=\"canonical\" href=\"https:\/\/www.mauricecarrental.com\/fr\/vehicules\/\" \/>\n<meta property=\"og:locale\" content=\"fr_FR\" \/>\n<meta property=\"og:type\" content=\"article\" \/>\n<meta property=\"og:title\" content=\"Location de Voiture Saint Barthelemy : D\u00e9couvrez notre Gamme\" \/>\n<meta property=\"og:description\" content=\"R\u00e9servez en ligne votre location de voiture \u00e0 Saint-Barth\u00e9lemy et d\u00e9couvrez notre large s\u00e9lection de voitures et 4x4 de luxe pour un s\u00e9jour inoubliable\" \/>\n<meta property=\"og:url\" content=\"https:\/\/www.mauricecarrental.com\/fr\/vehicules\/\" \/>\n<meta property=\"og:site_name\" content=\"Maurice Car Rental\" \/>\n<meta property=\"article:publisher\" content=\"https:\/\/www.facebook.com\/mauricecarrental\/\" \/>\n<meta property=\"article:modified_time\" content=\"2025-04-22T12:26:16+00:00\" \/>\n<meta property=\"og:image\" content=\"https:\/\/www.mauricecarrental.com\/wp-content\/uploads\/2021\/07\/quand-partir-saint-barth.jpg\" \/>\n\t<meta property=\"og:image:width\" content=\"900\" \/>\n\t<meta property=\"og:image:height\" content=\"500\" \/>\n\t<meta property=\"og:image:type\" content=\"image\/jpeg\" \/>\n<meta name=\"twitter:card\" content=\"summary_large_image\" \/>\n<script type=\"application\/ld+json\" class=\"yoast-schema-graph\">{\"@context\":\"https:\/\/schema.org\",\"@graph\":[{\"@type\":\"WebPage\",\"@id\":\"https:\/\/www.mauricecarrental.com\/fr\/vehicules\/\",\"url\":\"https:\/\/www.mauricecarrental.com\/fr\/vehicules\/\",\"name\":\"Location de Voiture Saint Barthelemy : D\u00e9couvrez notre Gamme\",\"isPartOf\":{\"@id\":\"https:\/\/www.mauricecarrental.com\/fr\/#website\"},\"primaryImageOfPage\":{\"@id\":\"https:\/\/www.mauricecarrental.com\/fr\/vehicules\/#primaryimage\"},\"image\":{\"@id\":\"https:\/\/www.mauricecarrental.com\/fr\/vehicules\/#primaryimage\"},\"thumbnailUrl\":\"https:\/\/www.mauricecarrental.com\/wp-content\/uploads\/2021\/07\/quand-partir-saint-barth.jpg\",\"datePublished\":\"2015-05-13T15:44:28+00:00\",\"dateModified\":\"2025-04-22T12:26:16+00:00\",\"description\":\"R\u00e9servez en ligne votre location de voiture \u00e0 Saint-Barth\u00e9lemy et d\u00e9couvrez notre large s\u00e9lection de voitures et 4x4 de luxe pour un s\u00e9jour inoubliable\",\"breadcrumb\":{\"@id\":\"https:\/\/www.mauricecarrental.com\/fr\/vehicules\/#breadcrumb\"},\"inLanguage\":\"fr-FR\",\"potentialAction\":[{\"@type\":\"ReadAction\",\"target\":[\"https:\/\/www.mauricecarrental.com\/fr\/vehicules\/\"]}]},{\"@type\":\"ImageObject\",\"inLanguage\":\"fr-FR\",\"@id\":\"https:\/\/www.mauricecarrental.com\/fr\/vehicules\/#primaryimage\",\"url\":\"https:\/\/www.mauricecarrental.com\/wp-content\/uploads\/2021\/07\/quand-partir-saint-barth.jpg\",\"contentUrl\":\"https:\/\/www.mauricecarrental.com\/wp-content\/uploads\/2021\/07\/quand-partir-saint-barth.jpg\",\"width\":900,\"height\":500,\"caption\":\"quand partir \u00e0 saint barth\"},{\"@type\":\"BreadcrumbList\",\"@id\":\"https:\/\/www.mauricecarrental.com\/fr\/vehicules\/#breadcrumb\",\"itemListElement\":[{\"@type\":\"ListItem\",\"position\":1,\"name\":\"Home\",\"item\":\"https:\/\/www.mauricecarrental.com\/fr\/\"},{\"@type\":\"ListItem\",\"position\":2,\"name\":\"V\u00e9hicules\"}]},{\"@type\":\"WebSite\",\"@id\":\"https:\/\/www.mauricecarrental.com\/fr\/#website\",\"url\":\"https:\/\/www.mauricecarrental.com\/fr\/\",\"name\":\"Maurice Car Rental\",\"description\":\"\",\"publisher\":{\"@id\":\"https:\/\/www.mauricecarrental.com\/fr\/#organization\"},\"potentialAction\":[{\"@type\":\"SearchAction\",\"target\":{\"@type\":\"EntryPoint\",\"urlTemplate\":\"https:\/\/www.mauricecarrental.com\/fr\/?s={search_term_string}\"},\"query-input\":{\"@type\":\"PropertyValueSpecification\",\"valueRequired\":true,\"valueName\":\"search_term_string\"}}],\"inLanguage\":\"fr-FR\"},{\"@type\":\"Organization\",\"@id\":\"https:\/\/www.mauricecarrental.com\/fr\/#organization\",\"name\":\"Maurice Car Rental\",\"url\":\"https:\/\/www.mauricecarrental.com\/fr\/\",\"logo\":{\"@type\":\"ImageObject\",\"inLanguage\":\"fr-FR\",\"@id\":\"https:\/\/www.mauricecarrental.com\/fr\/#\/schema\/logo\/image\/\",\"url\":\"https:\/\/www.mauricecarrental.com\/wp-content\/uploads\/2015\/07\/logo.jpg\",\"contentUrl\":\"https:\/\/www.mauricecarrental.com\/wp-content\/uploads\/2015\/07\/logo.jpg\",\"width\":206,\"height\":58,\"caption\":\"Maurice Car Rental\"},\"image\":{\"@id\":\"https:\/\/www.mauricecarrental.com\/fr\/#\/schema\/logo\/image\/\"},\"sameAs\":[\"https:\/\/www.facebook.com\/mauricecarrental\/\",\"https:\/\/www.instagram.com\/mauricecar.rental.stbarth\/?hl=en\"]}]}<\/script>\n<!-- \/ Yoast SEO plugin. -->","yoast_head_json":{"title":"Location de Voiture Saint Barthelemy : D\u00e9couvrez notre Gamme","description":"R\u00e9servez en ligne votre location de voiture \u00e0 Saint-Barth\u00e9lemy et d\u00e9couvrez notre large s\u00e9lection de voitures et 4x4 de luxe pour un s\u00e9jour inoubliable","robots":{"index":"index","follow":"follow","max-snippet":"max-snippet:-1","max-image-preview":"max-image-preview:large","max-video-preview":"max-video-preview:-1"},"canonical":"https:\/\/www.mauricecarrental.com\/fr\/vehicules\/","og_locale":"fr_FR","og_type":"article","og_title":"Location de Voiture Saint Barthelemy : D\u00e9couvrez notre Gamme","og_description":"R\u00e9servez en ligne votre location de voiture \u00e0 Saint-Barth\u00e9lemy et d\u00e9couvrez notre large s\u00e9lection de voitures et 4x4 de luxe pour un s\u00e9jour inoubliable","og_url":"https:\/\/www.mauricecarrental.com\/fr\/vehicules\/","og_site_name":"Maurice Car Rental","article_publisher":"https:\/\/www.facebook.com\/mauricecarrental\/","article_modified_time":"2025-04-22T12:26:16+00:00","og_image":[{"width":900,"height":500,"url":"https:\/\/www.mauricecarrental.com\/wp-content\/uploads\/2021\/07\/quand-partir-saint-barth.jpg","type":"image\/jpeg"}],"twitter_card":"summary_large_image","schema":{"@context":"https:\/\/schema.org","@graph":[{"@type":"WebPage","@id":"https:\/\/www.mauricecarrental.com\/fr\/vehicules\/","url":"https:\/\/www.mauricecarrental.com\/fr\/vehicules\/","name":"Location de Voiture Saint Barthelemy : D\u00e9couvrez notre Gamme","isPartOf":{"@id":"https:\/\/www.mauricecarrental.com\/fr\/#website"},"primaryImageOfPage":{"@id":"https:\/\/www.mauricecarrental.com\/fr\/vehicules\/#primaryimage"},"image":{"@id":"https:\/\/www.mauricecarrental.com\/fr\/vehicules\/#primaryimage"},"thumbnailUrl":"https:\/\/www.mauricecarrental.com\/wp-content\/uploads\/2021\/07\/quand-partir-saint-barth.jpg","datePublished":"2015-05-13T15:44:28+00:00","dateModified":"2025-04-22T12:26:16+00:00","description":"R\u00e9servez en ligne votre location de voiture \u00e0 Saint-Barth\u00e9lemy et d\u00e9couvrez notre large s\u00e9lection de voitures et 4x4 de luxe pour un s\u00e9jour inoubliable","breadcrumb":{"@id":"https:\/\/www.mauricecarrental.com\/fr\/vehicules\/#breadcrumb"},"inLanguage":"fr-FR","potentialAction":[{"@type":"ReadAction","target":["https:\/\/www.mauricecarrental.com\/fr\/vehicules\/"]}]},{"@type":"ImageObject","inLanguage":"fr-FR","@id":"https:\/\/www.mauricecarrental.com\/fr\/vehicules\/#primaryimage","url":"https:\/\/www.mauricecarrental.com\/wp-content\/uploads\/2021\/07\/quand-partir-saint-barth.jpg","contentUrl":"https:\/\/www.mauricecarrental.com\/wp-content\/uploads\/2021\/07\/quand-partir-saint-barth.jpg","width":900,"height":500,"caption":"quand partir \u00e0 saint barth"},{"@type":"BreadcrumbList","@id":"https:\/\/www.mauricecarrental.com\/fr\/vehicules\/#breadcrumb","itemListElement":[{"@type":"ListItem","position":1,"name":"Home","item":"https:\/\/www.mauricecarrental.com\/fr\/"},{"@type":"ListItem","position":2,"name":"V\u00e9hicules"}]},{"@type":"WebSite","@id":"https:\/\/www.mauricecarrental.com\/fr\/#website","url":"https:\/\/www.mauricecarrental.com\/fr\/","name":"Maurice Car Rental","description":"","publisher":{"@id":"https:\/\/www.mauricecarrental.com\/fr\/#organization"},"potentialAction":[{"@type":"SearchAction","target":{"@type":"EntryPoint","urlTemplate":"https:\/\/www.mauricecarrental.com\/fr\/?s={search_term_string}"},"query-input":{"@type":"PropertyValueSpecification","valueRequired":true,"valueName":"search_term_string"}}],"inLanguage":"fr-FR"},{"@type":"Organization","@id":"https:\/\/www.mauricecarrental.com\/fr\/#organization","name":"Maurice Car Rental","url":"https:\/\/www.mauricecarrental.com\/fr\/","logo":{"@type":"ImageObject","inLanguage":"fr-FR","@id":"https:\/\/www.mauricecarrental.com\/fr\/#\/schema\/logo\/image\/","url":"https:\/\/www.mauricecarrental.com\/wp-content\/uploads\/2015\/07\/logo.jpg","contentUrl":"https:\/\/www.mauricecarrental.com\/wp-content\/uploads\/2015\/07\/logo.jpg","width":206,"height":58,"caption":"Maurice Car Rental"},"image":{"@id":"https:\/\/www.mauricecarrental.com\/fr\/#\/schema\/logo\/image\/"},"sameAs":["https:\/\/www.facebook.com\/mauricecarrental\/","https:\/\/www.instagram.com\/mauricecar.rental.stbarth\/?hl=en"]}]}},"_links":{"self":[{"href":"https:\/\/www.mauricecarrental.com\/fr\/wp-json\/wp\/v2\/pages\/285","targetHints":{"allow":["GET"]}}],"collection":[{"href":"https:\/\/www.mauricecarrental.com\/fr\/wp-json\/wp\/v2\/pages"}],"about":[{"href":"https:\/\/www.mauricecarrental.com\/fr\/wp-json\/wp\/v2\/types\/page"}],"author":[{"embeddable":true,"href":"https:\/\/www.mauricecarrental.com\/fr\/wp-json\/wp\/v2\/users\/1"}],"replies":[{"embeddable":true,"href":"https:\/\/www.mauricecarrental.com\/fr\/wp-json\/wp\/v2\/comments?post=285"}],"version-history":[{"count":8,"href":"https:\/\/www.mauricecarrental.com\/fr\/wp-json\/wp\/v2\/pages\/285\/revisions"}],"predecessor-version":[{"id":1952,"href":"https:\/\/www.mauricecarrental.com\/fr\/wp-json\/wp\/v2\/pages\/285\/revisions\/1952"}],"wp:featuredmedia":[{"embeddable":true,"href":"https:\/\/www.mauricecarrental.com\/fr\/wp-json\/wp\/v2\/media\/1120"}],"wp:attachment":[{"href":"https:\/\/www.mauricecarrental.com\/fr\/wp-json\/wp\/v2\/media?parent=285"}],"curies":[{"name":"wp","href":"https:\/\/api.w.org\/{rel}","templated":true}]}}